{"id":6073,"date":"2021-11-21T10:03:05","date_gmt":"2021-11-21T10:03:05","guid":{"rendered":"https:\/\/taitoaventura.com\/producto\/sem categoria\/geiseres-de-tatio\/"},"modified":"2026-03-31T23:05:14","modified_gmt":"2026-03-31T23:05:14","slug":"geiseres-de-tatio","status":"publish","type":"product","link":"https:\/\/taitoaventura.com\/pt-br\/producto\/experiencias\/tours-classicos\/geiseres-de-tatio\/","title":{"rendered":"G\u00eaiseres de Tatio"},"content":{"rendered":"<p><b>Um amanhecer entre n\u00e9voa e vulc\u00f5es<\/b><\/p>\n<p>Aprecie um dos espet\u00e1culos naturais mais impressionantes do altiplano chileno: os <b>g\u00eaiseres do Tatio<\/b>, situados a mais de 4.300 metros acima do n\u00edvel do mar. A essa altitude, o frio intenso do amanhecer cria um cen\u00e1rio dram\u00e1tico, onde o vapor dos g\u00eaiseres se eleva com for\u00e7a em meio \u00e0 escurid\u00e3o, bem na hora do nascer do sol.<\/p>\n<p>Voc\u00ea percorrer\u00e1 o campo geot\u00e9rmico de maior altitude do planeta e o terceiro maior. Com mais de 80 fumarolas e fontes termais ativas. Ap\u00f3s o passeio, voc\u00ea desfrutar\u00e1 de um <b>caf\u00e9 da manh\u00e3 tipo buf\u00ea ao ar livre<\/b>, cercado por montanhas e vulc\u00f5es.<\/p>\n<p>A experi\u00eancia continua com uma parada no <b>mirante do Vulc\u00e3o Putana<\/b>, seguida pela visita ao <b>p\u00e2ntano de Putana<\/b>, uma zona \u00famida andina onde \u00e9 poss\u00edvel avistar animais da regi\u00e3o, como vicunhas, flamingos e aves do Altiplano.<\/p>\n<p>Para finalizar, exploraremos a <b>pitoresca vila de Machuca<\/b>, um povoado tradicional de pastores do Altiplano com casas de adobe e uma igreja centen\u00e1ria com duas torres. Aqui voc\u00ea poder\u00e1 conhecer a cultura local, provar empanadas ou espetinhos de lhama (recomendamos levar dinheiro em esp\u00e9cie para compr\u00e1-los) ou simplesmente apreciar a paisagem e a tranquilidade do lugar.<\/p>\n","protected":false},"excerpt":{"rendered":"<p>Um amanhecer entre n\u00e9voa e vulc\u00f5es Aprecie um dos espet\u00e1culos naturais mais impressionantes do altiplano chileno: os g\u00eaiseres do Tatio, situados a mais de 4.300 metros acima do n\u00edvel do mar. A essa altitude, o frio intenso do amanhecer cria um cen\u00e1rio dram\u00e1tico, onde o vapor dos g\u00eaiseres se eleva com for\u00e7a em meio \u00e0 [&hellip;]<\/p>\n","protected":false},"featured_media":6075,"comment_status":"closed","ping_status":"closed","template":"","meta":{"_acf_changed":false},"product_brand":[],"product_cat":[120],"product_tag":[],"class_list":{"0":"post-6073","1":"product","2":"type-product","3":"status-publish","4":"has-post-thumbnail","6":"product_cat-tours-classicos","8":"first","9":"instock","10":"virtual","11":"sold-individually","12":"purchasable","13":"product-type-booking"},"booking_location":"","booking_location_type":"","booking_duration":1,"booking_duration_unit":"day","booking_buffer":0,"booking_cost":45000,"booking_resources":[],"exclude_global_add_ons":[],"addons":[],"acf":[],"yoast_head":"<!-- This site is optimized with the Yoast SEO plugin v26.8 - https:\/\/yoast.com\/product\/yoast-seo-wordpress\/ -->\n<title>G\u00eaiseres de Tatio - Taito Aventura<\/title>\n<meta name=\"robots\" content=\"index, follow, max-snippet:-1, max-image-preview:large, max-video-preview:-1\" \/>\n<link rel=\"canonical\" href=\"https:\/\/taitoaventura.com\/pt-br\/producto\/experiencias\/tours-classicos\/geiseres-de-tatio\/\" \/>\n<meta property=\"og:locale\" content=\"pt_BR\" \/>\n<meta property=\"og:type\" content=\"article\" \/>\n<meta property=\"og:title\" content=\"G\u00eaiseres de Tatio - Taito Aventura\" \/>\n<meta property=\"og:description\" content=\"Um amanhecer entre n\u00e9voa e vulc\u00f5es Aprecie um dos espet\u00e1culos naturais mais impressionantes do altiplano chileno: os g\u00eaiseres do Tatio, situados a mais de 4.300 metros acima do n\u00edvel do mar. A essa altitude, o frio intenso do amanhecer cria um cen\u00e1rio dram\u00e1tico, onde o vapor dos g\u00eaiseres se eleva com for\u00e7a em meio \u00e0 [&hellip;]\" \/>\n<meta property=\"og:url\" content=\"https:\/\/taitoaventura.com\/pt-br\/producto\/experiencias\/tours-classicos\/geiseres-de-tatio\/\" \/>\n<meta property=\"og:site_name\" content=\"Taito Aventura\" \/>\n<meta property=\"article:modified_time\" content=\"2026-03-31T23:05:14+00:00\" \/>\n<meta property=\"og:image\" content=\"https:\/\/taitoaventura.com\/wp-content\/uploads\/2021\/11\/IMG-20240331-WA0049.jpg\" \/>\n\t<meta property=\"og:image:width\" content=\"960\" \/>\n\t<meta property=\"og:image:height\" content=\"720\" \/>\n\t<meta property=\"og:image:type\" content=\"image\/jpeg\" \/>\n<meta name=\"twitter:card\" content=\"summary_large_image\" \/>\n<meta name=\"twitter:label1\" content=\"Est. tempo de leitura\" \/>\n\t<meta name=\"twitter:data1\" content=\"1 minuto\" \/>\n<script type=\"application\/ld+json\" class=\"yoast-schema-graph\">{\"@context\":\"https:\/\/schema.org\",\"@graph\":[{\"@type\":\"WebPage\",\"@id\":\"https:\/\/taitoaventura.com\/pt-br\/producto\/experiencias\/tours-classicos\/geiseres-de-tatio\/\",\"url\":\"https:\/\/taitoaventura.com\/pt-br\/producto\/experiencias\/tours-classicos\/geiseres-de-tatio\/\",\"name\":\"G\u00eaiseres de Tatio - Taito Aventura\",\"isPartOf\":{\"@id\":\"https:\/\/taitoaventura.com\/pt-br\/#website\"},\"primaryImageOfPage\":{\"@id\":\"https:\/\/taitoaventura.com\/pt-br\/producto\/experiencias\/tours-classicos\/geiseres-de-tatio\/#primaryimage\"},\"image\":{\"@id\":\"https:\/\/taitoaventura.com\/pt-br\/producto\/experiencias\/tours-classicos\/geiseres-de-tatio\/#primaryimage\"},\"thumbnailUrl\":\"https:\/\/taitoaventura.com\/wp-content\/uploads\/2021\/11\/IMG-20240331-WA0049.jpg\",\"datePublished\":\"2021-11-21T10:03:05+00:00\",\"dateModified\":\"2026-03-31T23:05:14+00:00\",\"breadcrumb\":{\"@id\":\"https:\/\/taitoaventura.com\/pt-br\/producto\/experiencias\/tours-classicos\/geiseres-de-tatio\/#breadcrumb\"},\"inLanguage\":\"pt-BR\",\"potentialAction\":[{\"@type\":\"ReadAction\",\"target\":[\"https:\/\/taitoaventura.com\/pt-br\/producto\/experiencias\/tours-classicos\/geiseres-de-tatio\/\"]}]},{\"@type\":\"ImageObject\",\"inLanguage\":\"pt-BR\",\"@id\":\"https:\/\/taitoaventura.com\/pt-br\/producto\/experiencias\/tours-classicos\/geiseres-de-tatio\/#primaryimage\",\"url\":\"https:\/\/taitoaventura.com\/wp-content\/uploads\/2021\/11\/IMG-20240331-WA0049.jpg\",\"contentUrl\":\"https:\/\/taitoaventura.com\/wp-content\/uploads\/2021\/11\/IMG-20240331-WA0049.jpg\",\"width\":960,\"height\":720},{\"@type\":\"BreadcrumbList\",\"@id\":\"https:\/\/taitoaventura.com\/pt-br\/producto\/experiencias\/tours-classicos\/geiseres-de-tatio\/#breadcrumb\",\"itemListElement\":[{\"@type\":\"ListItem\",\"position\":1,\"name\":\"Portada\",\"item\":\"https:\/\/taitoaventura.com\/pt-br\/inicial\/\"},{\"@type\":\"ListItem\",\"position\":2,\"name\":\"Loja\",\"item\":\"https:\/\/taitoaventura.com\/pt-br\/loja\/\"},{\"@type\":\"ListItem\",\"position\":3,\"name\":\"G\u00eaiseres de Tatio\"}]},{\"@type\":\"WebSite\",\"@id\":\"https:\/\/taitoaventura.com\/pt-br\/#website\",\"url\":\"https:\/\/taitoaventura.com\/pt-br\/\",\"name\":\"Taito Aventura\",\"description\":\"Sitio web en desarrollo\",\"potentialAction\":[{\"@type\":\"SearchAction\",\"target\":{\"@type\":\"EntryPoint\",\"urlTemplate\":\"https:\/\/taitoaventura.com\/pt-br\/?s={search_term_string}\"},\"query-input\":{\"@type\":\"PropertyValueSpecification\",\"valueRequired\":true,\"valueName\":\"search_term_string\"}}],\"inLanguage\":\"pt-BR\"}]}<\/script>\n<!-- \/ Yoast SEO plugin. -->","yoast_head_json":{"title":"G\u00eaiseres de Tatio - Taito Aventura","robots":{"index":"index","follow":"follow","max-snippet":"max-snippet:-1","max-image-preview":"max-image-preview:large","max-video-preview":"max-video-preview:-1"},"canonical":"https:\/\/taitoaventura.com\/pt-br\/producto\/experiencias\/tours-classicos\/geiseres-de-tatio\/","og_locale":"pt_BR","og_type":"article","og_title":"G\u00eaiseres de Tatio - Taito Aventura","og_description":"Um amanhecer entre n\u00e9voa e vulc\u00f5es Aprecie um dos espet\u00e1culos naturais mais impressionantes do altiplano chileno: os g\u00eaiseres do Tatio, situados a mais de 4.300 metros acima do n\u00edvel do mar. A essa altitude, o frio intenso do amanhecer cria um cen\u00e1rio dram\u00e1tico, onde o vapor dos g\u00eaiseres se eleva com for\u00e7a em meio \u00e0 [&hellip;]","og_url":"https:\/\/taitoaventura.com\/pt-br\/producto\/experiencias\/tours-classicos\/geiseres-de-tatio\/","og_site_name":"Taito Aventura","article_modified_time":"2026-03-31T23:05:14+00:00","og_image":[{"width":960,"height":720,"url":"https:\/\/taitoaventura.com\/wp-content\/uploads\/2021\/11\/IMG-20240331-WA0049.jpg","type":"image\/jpeg"}],"twitter_card":"summary_large_image","twitter_misc":{"Est. tempo de leitura":"1 minuto"},"schema":{"@context":"https:\/\/schema.org","@graph":[{"@type":"WebPage","@id":"https:\/\/taitoaventura.com\/pt-br\/producto\/experiencias\/tours-classicos\/geiseres-de-tatio\/","url":"https:\/\/taitoaventura.com\/pt-br\/producto\/experiencias\/tours-classicos\/geiseres-de-tatio\/","name":"G\u00eaiseres de Tatio - Taito Aventura","isPartOf":{"@id":"https:\/\/taitoaventura.com\/pt-br\/#website"},"primaryImageOfPage":{"@id":"https:\/\/taitoaventura.com\/pt-br\/producto\/experiencias\/tours-classicos\/geiseres-de-tatio\/#primaryimage"},"image":{"@id":"https:\/\/taitoaventura.com\/pt-br\/producto\/experiencias\/tours-classicos\/geiseres-de-tatio\/#primaryimage"},"thumbnailUrl":"https:\/\/taitoaventura.com\/wp-content\/uploads\/2021\/11\/IMG-20240331-WA0049.jpg","datePublished":"2021-11-21T10:03:05+00:00","dateModified":"2026-03-31T23:05:14+00:00","breadcrumb":{"@id":"https:\/\/taitoaventura.com\/pt-br\/producto\/experiencias\/tours-classicos\/geiseres-de-tatio\/#breadcrumb"},"inLanguage":"pt-BR","potentialAction":[{"@type":"ReadAction","target":["https:\/\/taitoaventura.com\/pt-br\/producto\/experiencias\/tours-classicos\/geiseres-de-tatio\/"]}]},{"@type":"ImageObject","inLanguage":"pt-BR","@id":"https:\/\/taitoaventura.com\/pt-br\/producto\/experiencias\/tours-classicos\/geiseres-de-tatio\/#primaryimage","url":"https:\/\/taitoaventura.com\/wp-content\/uploads\/2021\/11\/IMG-20240331-WA0049.jpg","contentUrl":"https:\/\/taitoaventura.com\/wp-content\/uploads\/2021\/11\/IMG-20240331-WA0049.jpg","width":960,"height":720},{"@type":"BreadcrumbList","@id":"https:\/\/taitoaventura.com\/pt-br\/producto\/experiencias\/tours-classicos\/geiseres-de-tatio\/#breadcrumb","itemListElement":[{"@type":"ListItem","position":1,"name":"Portada","item":"https:\/\/taitoaventura.com\/pt-br\/inicial\/"},{"@type":"ListItem","position":2,"name":"Loja","item":"https:\/\/taitoaventura.com\/pt-br\/loja\/"},{"@type":"ListItem","position":3,"name":"G\u00eaiseres de Tatio"}]},{"@type":"WebSite","@id":"https:\/\/taitoaventura.com\/pt-br\/#website","url":"https:\/\/taitoaventura.com\/pt-br\/","name":"Taito Aventura","description":"Sitio web en desarrollo","potentialAction":[{"@type":"SearchAction","target":{"@type":"EntryPoint","urlTemplate":"https:\/\/taitoaventura.com\/pt-br\/?s={search_term_string}"},"query-input":{"@type":"PropertyValueSpecification","valueRequired":true,"valueName":"search_term_string"}}],"inLanguage":"pt-BR"}]}},"_links":{"self":[{"href":"https:\/\/taitoaventura.com\/pt-br\/wp-json\/wp\/v2\/product\/6073","targetHints":{"allow":["GET"]}}],"collection":[{"href":"https:\/\/taitoaventura.com\/pt-br\/wp-json\/wp\/v2\/product"}],"about":[{"href":"https:\/\/taitoaventura.com\/pt-br\/wp-json\/wp\/v2\/types\/product"}],"replies":[{"embeddable":true,"href":"https:\/\/taitoaventura.com\/pt-br\/wp-json\/wp\/v2\/comments?post=6073"}],"version-history":[{"count":0,"href":"https:\/\/taitoaventura.com\/pt-br\/wp-json\/wp\/v2\/product\/6073\/revisions"}],"wp:featuredmedia":[{"embeddable":true,"href":"https:\/\/taitoaventura.com\/pt-br\/wp-json\/wp\/v2\/media\/6075"}],"wp:attachment":[{"href":"https:\/\/taitoaventura.com\/pt-br\/wp-json\/wp\/v2\/media?parent=6073"}],"wp:term":[{"taxonomy":"product_brand","embeddable":true,"href":"https:\/\/taitoaventura.com\/pt-br\/wp-json\/wp\/v2\/product_brand?post=6073"},{"taxonomy":"product_cat","embeddable":true,"href":"https:\/\/taitoaventura.com\/pt-br\/wp-json\/wp\/v2\/product_cat?post=6073"},{"taxonomy":"product_tag","embeddable":true,"href":"https:\/\/taitoaventura.com\/pt-br\/wp-json\/wp\/v2\/product_tag?post=6073"}],"curies":[{"name":"wp","href":"https:\/\/api.w.org\/{rel}","templated":true}]}}