{"id":6029,"date":"2022-02-15T23:26:14","date_gmt":"2022-02-15T23:26:14","guid":{"rendered":"https:\/\/taitoaventura.com\/producto\/sem categoria\/vale-da-lua\/"},"modified":"2026-03-31T22:28:49","modified_gmt":"2026-03-31T22:28:49","slug":"vale-da-lua","status":"publish","type":"product","link":"https:\/\/taitoaventura.com\/pt-br\/producto\/experiencias\/tours-classicos\/vale-da-lua\/","title":{"rendered":"Vale da lua"},"content":{"rendered":"<p>O Vale da Lua \u00e9 uma atra\u00e7\u00e3o emblem\u00e1tica em San Pedro de Atacama. Caracteriza-se por suas paisagens sedimentares e salinas de formas caprichosas, que v\u00e3o fazer voc\u00ea se sentir como se estivesse caminhando por uma paisagem extraterrestre <\/p>\n","protected":false},"excerpt":{"rendered":"<p>O Vale da Lua \u00e9 uma atra\u00e7\u00e3o emblem\u00e1tica em San Pedro de Atacama. Caracteriza-se por suas paisagens sedimentares e salinas de formas caprichosas, que v\u00e3o fazer voc\u00ea se sentir como se estivesse caminhando por uma paisagem extraterrestre<\/p>\n","protected":false},"featured_media":6034,"comment_status":"closed","ping_status":"closed","template":"","meta":{"_acf_changed":false},"product_brand":[],"product_cat":[120],"product_tag":[],"class_list":{"0":"post-6029","1":"product","2":"type-product","3":"status-publish","4":"has-post-thumbnail","6":"product_cat-tours-classicos","8":"first","9":"instock","10":"virtual","11":"sold-individually","12":"purchasable","13":"product-type-booking"},"booking_location":"","booking_location_type":"","booking_duration":1,"booking_duration_unit":"day","booking_buffer":0,"booking_cost":40000,"booking_resources":[],"exclude_global_add_ons":[],"addons":[],"acf":[],"yoast_head":"<!-- This site is optimized with the Yoast SEO plugin v26.8 - https:\/\/yoast.com\/product\/yoast-seo-wordpress\/ -->\n<title>Vale da lua - Taito Aventura<\/title>\n<meta name=\"robots\" content=\"index, follow, max-snippet:-1, max-image-preview:large, max-video-preview:-1\" \/>\n<link rel=\"canonical\" href=\"https:\/\/taitoaventura.com\/pt-br\/producto\/experiencias\/tours-classicos\/vale-da-lua\/\" \/>\n<meta property=\"og:locale\" content=\"pt_BR\" \/>\n<meta property=\"og:type\" content=\"article\" \/>\n<meta property=\"og:title\" content=\"Vale da lua - Taito Aventura\" \/>\n<meta property=\"og:description\" content=\"O Vale da Lua \u00e9 uma atra\u00e7\u00e3o emblem\u00e1tica em San Pedro de Atacama. Caracteriza-se por suas paisagens sedimentares e salinas de formas caprichosas, que v\u00e3o fazer voc\u00ea se sentir como se estivesse caminhando por uma paisagem extraterrestre\" \/>\n<meta property=\"og:url\" content=\"https:\/\/taitoaventura.com\/pt-br\/producto\/experiencias\/tours-classicos\/vale-da-lua\/\" \/>\n<meta property=\"og:site_name\" content=\"Taito Aventura\" \/>\n<meta property=\"article:modified_time\" content=\"2026-03-31T22:28:49+00:00\" \/>\n<meta property=\"og:image\" content=\"https:\/\/taitoaventura.com\/wp-content\/uploads\/2022\/02\/IMG-20241212-WA0035.jpg\" \/>\n\t<meta property=\"og:image:width\" content=\"710\" \/>\n\t<meta property=\"og:image:height\" content=\"720\" \/>\n\t<meta property=\"og:image:type\" content=\"image\/jpeg\" \/>\n<meta name=\"twitter:card\" content=\"summary_large_image\" \/>\n<script type=\"application\/ld+json\" class=\"yoast-schema-graph\">{\"@context\":\"https:\/\/schema.org\",\"@graph\":[{\"@type\":\"WebPage\",\"@id\":\"https:\/\/taitoaventura.com\/pt-br\/producto\/experiencias\/tours-classicos\/vale-da-lua\/\",\"url\":\"https:\/\/taitoaventura.com\/pt-br\/producto\/experiencias\/tours-classicos\/vale-da-lua\/\",\"name\":\"Vale da lua - Taito Aventura\",\"isPartOf\":{\"@id\":\"https:\/\/taitoaventura.com\/pt-br\/#website\"},\"primaryImageOfPage\":{\"@id\":\"https:\/\/taitoaventura.com\/pt-br\/producto\/experiencias\/tours-classicos\/vale-da-lua\/#primaryimage\"},\"image\":{\"@id\":\"https:\/\/taitoaventura.com\/pt-br\/producto\/experiencias\/tours-classicos\/vale-da-lua\/#primaryimage\"},\"thumbnailUrl\":\"https:\/\/taitoaventura.com\/wp-content\/uploads\/2022\/02\/IMG-20241212-WA0035.jpg\",\"datePublished\":\"2022-02-15T23:26:14+00:00\",\"dateModified\":\"2026-03-31T22:28:49+00:00\",\"breadcrumb\":{\"@id\":\"https:\/\/taitoaventura.com\/pt-br\/producto\/experiencias\/tours-classicos\/vale-da-lua\/#breadcrumb\"},\"inLanguage\":\"pt-BR\",\"potentialAction\":[{\"@type\":\"ReadAction\",\"target\":[\"https:\/\/taitoaventura.com\/pt-br\/producto\/experiencias\/tours-classicos\/vale-da-lua\/\"]}]},{\"@type\":\"ImageObject\",\"inLanguage\":\"pt-BR\",\"@id\":\"https:\/\/taitoaventura.com\/pt-br\/producto\/experiencias\/tours-classicos\/vale-da-lua\/#primaryimage\",\"url\":\"https:\/\/taitoaventura.com\/wp-content\/uploads\/2022\/02\/IMG-20241212-WA0035.jpg\",\"contentUrl\":\"https:\/\/taitoaventura.com\/wp-content\/uploads\/2022\/02\/IMG-20241212-WA0035.jpg\",\"width\":710,\"height\":720},{\"@type\":\"BreadcrumbList\",\"@id\":\"https:\/\/taitoaventura.com\/pt-br\/producto\/experiencias\/tours-classicos\/vale-da-lua\/#breadcrumb\",\"itemListElement\":[{\"@type\":\"ListItem\",\"position\":1,\"name\":\"Portada\",\"item\":\"https:\/\/taitoaventura.com\/pt-br\/inicial\/\"},{\"@type\":\"ListItem\",\"position\":2,\"name\":\"Loja\",\"item\":\"https:\/\/taitoaventura.com\/pt-br\/loja\/\"},{\"@type\":\"ListItem\",\"position\":3,\"name\":\"Vale da lua\"}]},{\"@type\":\"WebSite\",\"@id\":\"https:\/\/taitoaventura.com\/pt-br\/#website\",\"url\":\"https:\/\/taitoaventura.com\/pt-br\/\",\"name\":\"Taito Aventura\",\"description\":\"Sitio web en desarrollo\",\"potentialAction\":[{\"@type\":\"SearchAction\",\"target\":{\"@type\":\"EntryPoint\",\"urlTemplate\":\"https:\/\/taitoaventura.com\/pt-br\/?s={search_term_string}\"},\"query-input\":{\"@type\":\"PropertyValueSpecification\",\"valueRequired\":true,\"valueName\":\"search_term_string\"}}],\"inLanguage\":\"pt-BR\"}]}<\/script>\n<!-- \/ Yoast SEO plugin. -->","yoast_head_json":{"title":"Vale da lua - Taito Aventura","robots":{"index":"index","follow":"follow","max-snippet":"max-snippet:-1","max-image-preview":"max-image-preview:large","max-video-preview":"max-video-preview:-1"},"canonical":"https:\/\/taitoaventura.com\/pt-br\/producto\/experiencias\/tours-classicos\/vale-da-lua\/","og_locale":"pt_BR","og_type":"article","og_title":"Vale da lua - Taito Aventura","og_description":"O Vale da Lua \u00e9 uma atra\u00e7\u00e3o emblem\u00e1tica em San Pedro de Atacama. Caracteriza-se por suas paisagens sedimentares e salinas de formas caprichosas, que v\u00e3o fazer voc\u00ea se sentir como se estivesse caminhando por uma paisagem extraterrestre","og_url":"https:\/\/taitoaventura.com\/pt-br\/producto\/experiencias\/tours-classicos\/vale-da-lua\/","og_site_name":"Taito Aventura","article_modified_time":"2026-03-31T22:28:49+00:00","og_image":[{"width":710,"height":720,"url":"https:\/\/taitoaventura.com\/wp-content\/uploads\/2022\/02\/IMG-20241212-WA0035.jpg","type":"image\/jpeg"}],"twitter_card":"summary_large_image","schema":{"@context":"https:\/\/schema.org","@graph":[{"@type":"WebPage","@id":"https:\/\/taitoaventura.com\/pt-br\/producto\/experiencias\/tours-classicos\/vale-da-lua\/","url":"https:\/\/taitoaventura.com\/pt-br\/producto\/experiencias\/tours-classicos\/vale-da-lua\/","name":"Vale da lua - Taito Aventura","isPartOf":{"@id":"https:\/\/taitoaventura.com\/pt-br\/#website"},"primaryImageOfPage":{"@id":"https:\/\/taitoaventura.com\/pt-br\/producto\/experiencias\/tours-classicos\/vale-da-lua\/#primaryimage"},"image":{"@id":"https:\/\/taitoaventura.com\/pt-br\/producto\/experiencias\/tours-classicos\/vale-da-lua\/#primaryimage"},"thumbnailUrl":"https:\/\/taitoaventura.com\/wp-content\/uploads\/2022\/02\/IMG-20241212-WA0035.jpg","datePublished":"2022-02-15T23:26:14+00:00","dateModified":"2026-03-31T22:28:49+00:00","breadcrumb":{"@id":"https:\/\/taitoaventura.com\/pt-br\/producto\/experiencias\/tours-classicos\/vale-da-lua\/#breadcrumb"},"inLanguage":"pt-BR","potentialAction":[{"@type":"ReadAction","target":["https:\/\/taitoaventura.com\/pt-br\/producto\/experiencias\/tours-classicos\/vale-da-lua\/"]}]},{"@type":"ImageObject","inLanguage":"pt-BR","@id":"https:\/\/taitoaventura.com\/pt-br\/producto\/experiencias\/tours-classicos\/vale-da-lua\/#primaryimage","url":"https:\/\/taitoaventura.com\/wp-content\/uploads\/2022\/02\/IMG-20241212-WA0035.jpg","contentUrl":"https:\/\/taitoaventura.com\/wp-content\/uploads\/2022\/02\/IMG-20241212-WA0035.jpg","width":710,"height":720},{"@type":"BreadcrumbList","@id":"https:\/\/taitoaventura.com\/pt-br\/producto\/experiencias\/tours-classicos\/vale-da-lua\/#breadcrumb","itemListElement":[{"@type":"ListItem","position":1,"name":"Portada","item":"https:\/\/taitoaventura.com\/pt-br\/inicial\/"},{"@type":"ListItem","position":2,"name":"Loja","item":"https:\/\/taitoaventura.com\/pt-br\/loja\/"},{"@type":"ListItem","position":3,"name":"Vale da lua"}]},{"@type":"WebSite","@id":"https:\/\/taitoaventura.com\/pt-br\/#website","url":"https:\/\/taitoaventura.com\/pt-br\/","name":"Taito Aventura","description":"Sitio web en desarrollo","potentialAction":[{"@type":"SearchAction","target":{"@type":"EntryPoint","urlTemplate":"https:\/\/taitoaventura.com\/pt-br\/?s={search_term_string}"},"query-input":{"@type":"PropertyValueSpecification","valueRequired":true,"valueName":"search_term_string"}}],"inLanguage":"pt-BR"}]}},"_links":{"self":[{"href":"https:\/\/taitoaventura.com\/pt-br\/wp-json\/wp\/v2\/product\/6029","targetHints":{"allow":["GET"]}}],"collection":[{"href":"https:\/\/taitoaventura.com\/pt-br\/wp-json\/wp\/v2\/product"}],"about":[{"href":"https:\/\/taitoaventura.com\/pt-br\/wp-json\/wp\/v2\/types\/product"}],"replies":[{"embeddable":true,"href":"https:\/\/taitoaventura.com\/pt-br\/wp-json\/wp\/v2\/comments?post=6029"}],"version-history":[{"count":0,"href":"https:\/\/taitoaventura.com\/pt-br\/wp-json\/wp\/v2\/product\/6029\/revisions"}],"wp:featuredmedia":[{"embeddable":true,"href":"https:\/\/taitoaventura.com\/pt-br\/wp-json\/wp\/v2\/media\/6034"}],"wp:attachment":[{"href":"https:\/\/taitoaventura.com\/pt-br\/wp-json\/wp\/v2\/media?parent=6029"}],"wp:term":[{"taxonomy":"product_brand","embeddable":true,"href":"https:\/\/taitoaventura.com\/pt-br\/wp-json\/wp\/v2\/product_brand?post=6029"},{"taxonomy":"product_cat","embeddable":true,"href":"https:\/\/taitoaventura.com\/pt-br\/wp-json\/wp\/v2\/product_cat?post=6029"},{"taxonomy":"product_tag","embeddable":true,"href":"https:\/\/taitoaventura.com\/pt-br\/wp-json\/wp\/v2\/product_tag?post=6029"}],"curies":[{"name":"wp","href":"https:\/\/api.w.org\/{rel}","templated":true}]}}