{"id":6025,"date":"2026-01-13T16:40:27","date_gmt":"2026-01-13T16:40:27","guid":{"rendered":"https:\/\/taitoaventura.com\/producto\/sem categoria\/%f0%9f%8f%82-sandboard-no-vale-da-morte\/"},"modified":"2026-03-31T22:26:08","modified_gmt":"2026-03-31T22:26:08","slug":"%f0%9f%8f%82-sandboard-no-vale-da-morte","status":"publish","type":"product","link":"https:\/\/taitoaventura.com\/pt-br\/producto\/experiencias\/aventura-outdoor-br\/%f0%9f%8f%82-sandboard-no-vale-da-morte\/","title":{"rendered":"\ud83c\udfc2 Sandboard no Vale da Morte"},"content":{"rendered":"<h3><b>Deslize pelas dunas do deserto mais \u00e1rido do mundo<\/b><\/h3>\n<p>Sinta a emo\u00e7\u00e3o de descer pelas gigantescas dunas do <b>Vale de Marte<\/b>, tamb\u00e9m conhecido como Vale da Morte; uma das paisagens mais espetaculares de San Pedro de Atacama. Este esporte \u00e9 ideal tanto para <b>aventureiros sem experi\u00eancia pr\u00e9via<\/b> quanto para praticantes mais experientes que buscam adrenalina e paisagens \u00e9picas.<\/p>\n<p>Ao chegar ao vale, voc\u00ea receber\u00e1 uma <b>aula introdut\u00f3ria de sandboard<\/b>, na qual aprender\u00e1 as t\u00e9cnicas b\u00e1sicas para deslizar com seguran\u00e7a, como frear, controlar a prancha e aproveitar ao m\u00e1ximo.<\/p>\n<p><span style=\"font-weight: 400;\">Depois, voc\u00ea ter\u00e1 tempo livre para praticar em diferentes setores da duna, com a orienta\u00e7\u00e3o de instrutores que estar\u00e3o atentos ao seu progresso. Cada subida vale a pena: do alto, a paisagem do deserto, a Cordilheira do Sal e os vulc\u00f5es s\u00e3o simplesmente incr\u00edveis. <\/span><\/p>\n<p>Durante o passeio, haver\u00e1 uma pausa para um<b> lanche refrescante<\/b>, com vistas imperd\u00edveis deste cen\u00e1rio natural \u00fanico.<\/p>\n","protected":false},"excerpt":{"rendered":"<p>Deslize pelas dunas do deserto mais \u00e1rido do mundo Sinta a emo\u00e7\u00e3o de descer pelas gigantescas dunas do Vale de Marte, tamb\u00e9m conhecido como Vale da Morte; uma das paisagens mais espetaculares de San Pedro de Atacama. Este esporte \u00e9 ideal tanto para aventureiros sem experi\u00eancia pr\u00e9via quanto para praticantes mais experientes que buscam adrenalina [&hellip;]<\/p>\n","protected":false},"featured_media":5916,"comment_status":"open","ping_status":"closed","template":"","meta":{"_acf_changed":false},"product_brand":[],"product_cat":[119,121],"product_tag":[],"class_list":{"0":"post-6025","1":"product","2":"type-product","3":"status-publish","4":"has-post-thumbnail","6":"product_cat-aventura-outdoor-br","7":"product_cat-experiencias-originais","9":"first","10":"instock","11":"virtual","12":"sold-individually","13":"purchasable","14":"product-type-booking"},"booking_location":"","booking_location_type":"","booking_duration":1,"booking_duration_unit":"day","booking_buffer":0,"booking_cost":50000,"booking_resources":[],"exclude_global_add_ons":[],"addons":[],"acf":[],"yoast_head":"<!-- This site is optimized with the Yoast SEO plugin v26.8 - https:\/\/yoast.com\/product\/yoast-seo-wordpress\/ -->\n<title>\ud83c\udfc2 Sandboard no Vale da Morte - Taito Aventura<\/title>\n<meta name=\"robots\" content=\"index, follow, max-snippet:-1, max-image-preview:large, max-video-preview:-1\" \/>\n<link rel=\"canonical\" href=\"https:\/\/taitoaventura.com\/pt-br\/producto\/experiencias\/aventura-outdoor-br\/%f0%9f%8f%82-sandboard-no-vale-da-morte\/\" \/>\n<meta property=\"og:locale\" content=\"pt_BR\" \/>\n<meta property=\"og:type\" content=\"article\" \/>\n<meta property=\"og:title\" content=\"\ud83c\udfc2 Sandboard no Vale da Morte - Taito Aventura\" \/>\n<meta property=\"og:description\" content=\"Deslize pelas dunas do deserto mais \u00e1rido do mundo Sinta a emo\u00e7\u00e3o de descer pelas gigantescas dunas do Vale de Marte, tamb\u00e9m conhecido como Vale da Morte; uma das paisagens mais espetaculares de San Pedro de Atacama. Este esporte \u00e9 ideal tanto para aventureiros sem experi\u00eancia pr\u00e9via quanto para praticantes mais experientes que buscam adrenalina [&hellip;]\" \/>\n<meta property=\"og:url\" content=\"https:\/\/taitoaventura.com\/pt-br\/producto\/experiencias\/aventura-outdoor-br\/%f0%9f%8f%82-sandboard-no-vale-da-morte\/\" \/>\n<meta property=\"og:site_name\" content=\"Taito Aventura\" \/>\n<meta property=\"article:modified_time\" content=\"2026-03-31T22:26:08+00:00\" \/>\n<meta property=\"og:image\" content=\"https:\/\/taitoaventura.com\/wp-content\/uploads\/2026\/01\/IMG-20250110-WA0167.jpg\" \/>\n\t<meta property=\"og:image:width\" content=\"960\" \/>\n\t<meta property=\"og:image:height\" content=\"720\" \/>\n\t<meta property=\"og:image:type\" content=\"image\/jpeg\" \/>\n<meta name=\"twitter:card\" content=\"summary_large_image\" \/>\n<meta name=\"twitter:label1\" content=\"Est. tempo de leitura\" \/>\n\t<meta name=\"twitter:data1\" content=\"1 minuto\" \/>\n<script type=\"application\/ld+json\" class=\"yoast-schema-graph\">{\"@context\":\"https:\/\/schema.org\",\"@graph\":[{\"@type\":\"WebPage\",\"@id\":\"https:\/\/taitoaventura.com\/pt-br\/producto\/experiencias\/aventura-outdoor-br\/%f0%9f%8f%82-sandboard-no-vale-da-morte\/\",\"url\":\"https:\/\/taitoaventura.com\/pt-br\/producto\/experiencias\/aventura-outdoor-br\/%f0%9f%8f%82-sandboard-no-vale-da-morte\/\",\"name\":\"\ud83c\udfc2 Sandboard no Vale da Morte - Taito Aventura\",\"isPartOf\":{\"@id\":\"https:\/\/taitoaventura.com\/pt-br\/#website\"},\"primaryImageOfPage\":{\"@id\":\"https:\/\/taitoaventura.com\/pt-br\/producto\/experiencias\/aventura-outdoor-br\/%f0%9f%8f%82-sandboard-no-vale-da-morte\/#primaryimage\"},\"image\":{\"@id\":\"https:\/\/taitoaventura.com\/pt-br\/producto\/experiencias\/aventura-outdoor-br\/%f0%9f%8f%82-sandboard-no-vale-da-morte\/#primaryimage\"},\"thumbnailUrl\":\"https:\/\/taitoaventura.com\/wp-content\/uploads\/2026\/01\/IMG-20250110-WA0167.jpg\",\"datePublished\":\"2026-01-13T16:40:27+00:00\",\"dateModified\":\"2026-03-31T22:26:08+00:00\",\"breadcrumb\":{\"@id\":\"https:\/\/taitoaventura.com\/pt-br\/producto\/experiencias\/aventura-outdoor-br\/%f0%9f%8f%82-sandboard-no-vale-da-morte\/#breadcrumb\"},\"inLanguage\":\"pt-BR\",\"potentialAction\":[{\"@type\":\"ReadAction\",\"target\":[\"https:\/\/taitoaventura.com\/pt-br\/producto\/experiencias\/aventura-outdoor-br\/%f0%9f%8f%82-sandboard-no-vale-da-morte\/\"]}]},{\"@type\":\"ImageObject\",\"inLanguage\":\"pt-BR\",\"@id\":\"https:\/\/taitoaventura.com\/pt-br\/producto\/experiencias\/aventura-outdoor-br\/%f0%9f%8f%82-sandboard-no-vale-da-morte\/#primaryimage\",\"url\":\"https:\/\/taitoaventura.com\/wp-content\/uploads\/2026\/01\/IMG-20250110-WA0167.jpg\",\"contentUrl\":\"https:\/\/taitoaventura.com\/wp-content\/uploads\/2026\/01\/IMG-20250110-WA0167.jpg\",\"width\":960,\"height\":720},{\"@type\":\"BreadcrumbList\",\"@id\":\"https:\/\/taitoaventura.com\/pt-br\/producto\/experiencias\/aventura-outdoor-br\/%f0%9f%8f%82-sandboard-no-vale-da-morte\/#breadcrumb\",\"itemListElement\":[{\"@type\":\"ListItem\",\"position\":1,\"name\":\"Portada\",\"item\":\"https:\/\/taitoaventura.com\/pt-br\/inicial\/\"},{\"@type\":\"ListItem\",\"position\":2,\"name\":\"Loja\",\"item\":\"https:\/\/taitoaventura.com\/pt-br\/loja\/\"},{\"@type\":\"ListItem\",\"position\":3,\"name\":\"\ud83c\udfc2 Sandboard no Vale da Morte\"}]},{\"@type\":\"WebSite\",\"@id\":\"https:\/\/taitoaventura.com\/pt-br\/#website\",\"url\":\"https:\/\/taitoaventura.com\/pt-br\/\",\"name\":\"Taito Aventura\",\"description\":\"Sitio web en desarrollo\",\"potentialAction\":[{\"@type\":\"SearchAction\",\"target\":{\"@type\":\"EntryPoint\",\"urlTemplate\":\"https:\/\/taitoaventura.com\/pt-br\/?s={search_term_string}\"},\"query-input\":{\"@type\":\"PropertyValueSpecification\",\"valueRequired\":true,\"valueName\":\"search_term_string\"}}],\"inLanguage\":\"pt-BR\"}]}<\/script>\n<!-- \/ Yoast SEO plugin. -->","yoast_head_json":{"title":"\ud83c\udfc2 Sandboard no Vale da Morte - Taito Aventura","robots":{"index":"index","follow":"follow","max-snippet":"max-snippet:-1","max-image-preview":"max-image-preview:large","max-video-preview":"max-video-preview:-1"},"canonical":"https:\/\/taitoaventura.com\/pt-br\/producto\/experiencias\/aventura-outdoor-br\/%f0%9f%8f%82-sandboard-no-vale-da-morte\/","og_locale":"pt_BR","og_type":"article","og_title":"\ud83c\udfc2 Sandboard no Vale da Morte - Taito Aventura","og_description":"Deslize pelas dunas do deserto mais \u00e1rido do mundo Sinta a emo\u00e7\u00e3o de descer pelas gigantescas dunas do Vale de Marte, tamb\u00e9m conhecido como Vale da Morte; uma das paisagens mais espetaculares de San Pedro de Atacama. Este esporte \u00e9 ideal tanto para aventureiros sem experi\u00eancia pr\u00e9via quanto para praticantes mais experientes que buscam adrenalina [&hellip;]","og_url":"https:\/\/taitoaventura.com\/pt-br\/producto\/experiencias\/aventura-outdoor-br\/%f0%9f%8f%82-sandboard-no-vale-da-morte\/","og_site_name":"Taito Aventura","article_modified_time":"2026-03-31T22:26:08+00:00","og_image":[{"width":960,"height":720,"url":"https:\/\/taitoaventura.com\/wp-content\/uploads\/2026\/01\/IMG-20250110-WA0167.jpg","type":"image\/jpeg"}],"twitter_card":"summary_large_image","twitter_misc":{"Est. tempo de leitura":"1 minuto"},"schema":{"@context":"https:\/\/schema.org","@graph":[{"@type":"WebPage","@id":"https:\/\/taitoaventura.com\/pt-br\/producto\/experiencias\/aventura-outdoor-br\/%f0%9f%8f%82-sandboard-no-vale-da-morte\/","url":"https:\/\/taitoaventura.com\/pt-br\/producto\/experiencias\/aventura-outdoor-br\/%f0%9f%8f%82-sandboard-no-vale-da-morte\/","name":"\ud83c\udfc2 Sandboard no Vale da Morte - Taito Aventura","isPartOf":{"@id":"https:\/\/taitoaventura.com\/pt-br\/#website"},"primaryImageOfPage":{"@id":"https:\/\/taitoaventura.com\/pt-br\/producto\/experiencias\/aventura-outdoor-br\/%f0%9f%8f%82-sandboard-no-vale-da-morte\/#primaryimage"},"image":{"@id":"https:\/\/taitoaventura.com\/pt-br\/producto\/experiencias\/aventura-outdoor-br\/%f0%9f%8f%82-sandboard-no-vale-da-morte\/#primaryimage"},"thumbnailUrl":"https:\/\/taitoaventura.com\/wp-content\/uploads\/2026\/01\/IMG-20250110-WA0167.jpg","datePublished":"2026-01-13T16:40:27+00:00","dateModified":"2026-03-31T22:26:08+00:00","breadcrumb":{"@id":"https:\/\/taitoaventura.com\/pt-br\/producto\/experiencias\/aventura-outdoor-br\/%f0%9f%8f%82-sandboard-no-vale-da-morte\/#breadcrumb"},"inLanguage":"pt-BR","potentialAction":[{"@type":"ReadAction","target":["https:\/\/taitoaventura.com\/pt-br\/producto\/experiencias\/aventura-outdoor-br\/%f0%9f%8f%82-sandboard-no-vale-da-morte\/"]}]},{"@type":"ImageObject","inLanguage":"pt-BR","@id":"https:\/\/taitoaventura.com\/pt-br\/producto\/experiencias\/aventura-outdoor-br\/%f0%9f%8f%82-sandboard-no-vale-da-morte\/#primaryimage","url":"https:\/\/taitoaventura.com\/wp-content\/uploads\/2026\/01\/IMG-20250110-WA0167.jpg","contentUrl":"https:\/\/taitoaventura.com\/wp-content\/uploads\/2026\/01\/IMG-20250110-WA0167.jpg","width":960,"height":720},{"@type":"BreadcrumbList","@id":"https:\/\/taitoaventura.com\/pt-br\/producto\/experiencias\/aventura-outdoor-br\/%f0%9f%8f%82-sandboard-no-vale-da-morte\/#breadcrumb","itemListElement":[{"@type":"ListItem","position":1,"name":"Portada","item":"https:\/\/taitoaventura.com\/pt-br\/inicial\/"},{"@type":"ListItem","position":2,"name":"Loja","item":"https:\/\/taitoaventura.com\/pt-br\/loja\/"},{"@type":"ListItem","position":3,"name":"\ud83c\udfc2 Sandboard no Vale da Morte"}]},{"@type":"WebSite","@id":"https:\/\/taitoaventura.com\/pt-br\/#website","url":"https:\/\/taitoaventura.com\/pt-br\/","name":"Taito Aventura","description":"Sitio web en desarrollo","potentialAction":[{"@type":"SearchAction","target":{"@type":"EntryPoint","urlTemplate":"https:\/\/taitoaventura.com\/pt-br\/?s={search_term_string}"},"query-input":{"@type":"PropertyValueSpecification","valueRequired":true,"valueName":"search_term_string"}}],"inLanguage":"pt-BR"}]}},"_links":{"self":[{"href":"https:\/\/taitoaventura.com\/pt-br\/wp-json\/wp\/v2\/product\/6025","targetHints":{"allow":["GET"]}}],"collection":[{"href":"https:\/\/taitoaventura.com\/pt-br\/wp-json\/wp\/v2\/product"}],"about":[{"href":"https:\/\/taitoaventura.com\/pt-br\/wp-json\/wp\/v2\/types\/product"}],"replies":[{"embeddable":true,"href":"https:\/\/taitoaventura.com\/pt-br\/wp-json\/wp\/v2\/comments?post=6025"}],"version-history":[{"count":0,"href":"https:\/\/taitoaventura.com\/pt-br\/wp-json\/wp\/v2\/product\/6025\/revisions"}],"wp:featuredmedia":[{"embeddable":true,"href":"https:\/\/taitoaventura.com\/pt-br\/wp-json\/wp\/v2\/media\/5916"}],"wp:attachment":[{"href":"https:\/\/taitoaventura.com\/pt-br\/wp-json\/wp\/v2\/media?parent=6025"}],"wp:term":[{"taxonomy":"product_brand","embeddable":true,"href":"https:\/\/taitoaventura.com\/pt-br\/wp-json\/wp\/v2\/product_brand?post=6025"},{"taxonomy":"product_cat","embeddable":true,"href":"https:\/\/taitoaventura.com\/pt-br\/wp-json\/wp\/v2\/product_cat?post=6025"},{"taxonomy":"product_tag","embeddable":true,"href":"https:\/\/taitoaventura.com\/pt-br\/wp-json\/wp\/v2\/product_tag?post=6025"}],"curies":[{"name":"wp","href":"https:\/\/api.w.org\/{rel}","templated":true}]}}