{"id":5997,"date":"2026-01-17T20:02:05","date_gmt":"2026-01-17T20:02:05","guid":{"rendered":"https:\/\/taitoaventura.com\/producto\/sem categoria\/caminhada-e-banho-natural-em-purilibre\/"},"modified":"2026-03-31T18:21:28","modified_gmt":"2026-03-31T18:21:28","slug":"caminhada-e-banho-natural-em-purilibre","status":"publish","type":"product","link":"https:\/\/taitoaventura.com\/pt-br\/producto\/experiencias\/aventura-outdoor-br\/caminhada-e-banho-natural-em-purilibre\/","title":{"rendered":"Caminhada e banho natural em Purilibre"},"content":{"rendered":"<h3><b>\ud83c\udf3f Desconex\u00e3o profunda entre \u00e1gua, pedra e sil\u00eancio<\/b><\/h3>\n<p>Viva uma experi\u00eancia \u00edntima e sensorial em <b>Purilibre<\/b>, um recanto pouco explorado do deserto onde o sil\u00eancio, a \u00e1gua e a hist\u00f3ria se entrela\u00e7am. Este passeio convida voc\u00ea a se r<b>econectar com o ambiente e consigo mesmo<\/b>, combinando relaxamento e caminhada consciente.<\/p>\n<p><span style=\"font-weight: 400;\">Situado na Reserva Puritama, o rio Puritama nos recebe com suas \u00e1guas naturalmente mornas, para desfrutarmos de um passeio belo e relaxante.<\/span><\/p>\n<p>A excurs\u00e3o come\u00e7a com uma caminhada tranquila por trilhas cercadas por <b>flora nativa<\/b> e vest\u00edgios arqueol\u00f3gicos pr\u00e9-hisp\u00e2nicos. Em seguida, voc\u00ea chegar\u00e1 a algumas p<b>iscinas naturais de \u00e1gua morna<\/b>, onde poder\u00e1 dar um mergulho cercado por rochas, vegeta\u00e7\u00e3o e tranquilidade absoluta. O ambiente \u00e9 perfeito para meditar, respirar fundo ou simplesmente deixar-se levar pela calma do deserto.<\/p>\n<p>Uma atividade ideal para quem busca uma experi\u00eancia <b>fora dos circuitos tur\u00edsticos tradicionais.<\/b><\/p>\n","protected":false},"excerpt":{"rendered":"<p>\ud83c\udf3f Desconex\u00e3o profunda entre \u00e1gua, pedra e sil\u00eancio Viva uma experi\u00eancia \u00edntima e sensorial em Purilibre, um recanto pouco explorado do deserto onde o sil\u00eancio, a \u00e1gua e a hist\u00f3ria se entrela\u00e7am. Este passeio convida voc\u00ea a se reconectar com o ambiente e consigo mesmo, combinando relaxamento e caminhada consciente. Situado na Reserva Puritama, o [&hellip;]<\/p>\n","protected":false},"featured_media":6004,"comment_status":"open","ping_status":"closed","template":"","meta":{"_acf_changed":false},"product_brand":[],"product_cat":[119],"product_tag":[],"class_list":{"0":"post-5997","1":"product","2":"type-product","3":"status-publish","4":"has-post-thumbnail","6":"product_cat-aventura-outdoor-br","8":"first","9":"instock","10":"virtual","11":"sold-individually","12":"purchasable","13":"product-type-booking"},"booking_location":"","booking_location_type":"","booking_duration":1,"booking_duration_unit":"day","booking_buffer":0,"booking_cost":40000,"booking_resources":[],"exclude_global_add_ons":[],"addons":[],"acf":[],"yoast_head":"<!-- This site is optimized with the Yoast SEO plugin v26.8 - https:\/\/yoast.com\/product\/yoast-seo-wordpress\/ -->\n<title>Caminhada e banho natural em Purilibre - Taito Aventura<\/title>\n<meta name=\"robots\" content=\"index, follow, max-snippet:-1, max-image-preview:large, max-video-preview:-1\" \/>\n<link rel=\"canonical\" href=\"https:\/\/taitoaventura.com\/pt-br\/producto\/experiencias\/aventura-outdoor-br\/caminhada-e-banho-natural-em-purilibre\/\" \/>\n<meta property=\"og:locale\" content=\"pt_BR\" \/>\n<meta property=\"og:type\" content=\"article\" \/>\n<meta property=\"og:title\" content=\"Caminhada e banho natural em Purilibre - Taito Aventura\" \/>\n<meta property=\"og:description\" content=\"\ud83c\udf3f Desconex\u00e3o profunda entre \u00e1gua, pedra e sil\u00eancio Viva uma experi\u00eancia \u00edntima e sensorial em Purilibre, um recanto pouco explorado do deserto onde o sil\u00eancio, a \u00e1gua e a hist\u00f3ria se entrela\u00e7am. Este passeio convida voc\u00ea a se reconectar com o ambiente e consigo mesmo, combinando relaxamento e caminhada consciente. Situado na Reserva Puritama, o [&hellip;]\" \/>\n<meta property=\"og:url\" content=\"https:\/\/taitoaventura.com\/pt-br\/producto\/experiencias\/aventura-outdoor-br\/caminhada-e-banho-natural-em-purilibre\/\" \/>\n<meta property=\"og:site_name\" content=\"Taito Aventura\" \/>\n<meta property=\"article:modified_time\" content=\"2026-03-31T18:21:28+00:00\" \/>\n<meta property=\"og:image\" content=\"https:\/\/taitoaventura.com\/wp-content\/uploads\/2026\/01\/IMG-20250104-WA0000.jpg\" \/>\n\t<meta property=\"og:image:width\" content=\"540\" \/>\n\t<meta property=\"og:image:height\" content=\"720\" \/>\n\t<meta property=\"og:image:type\" content=\"image\/jpeg\" \/>\n<meta name=\"twitter:card\" content=\"summary_large_image\" \/>\n<meta name=\"twitter:label1\" content=\"Est. tempo de leitura\" \/>\n\t<meta name=\"twitter:data1\" content=\"1 minuto\" \/>\n<script type=\"application\/ld+json\" class=\"yoast-schema-graph\">{\"@context\":\"https:\/\/schema.org\",\"@graph\":[{\"@type\":\"WebPage\",\"@id\":\"https:\/\/taitoaventura.com\/pt-br\/producto\/experiencias\/aventura-outdoor-br\/caminhada-e-banho-natural-em-purilibre\/\",\"url\":\"https:\/\/taitoaventura.com\/pt-br\/producto\/experiencias\/aventura-outdoor-br\/caminhada-e-banho-natural-em-purilibre\/\",\"name\":\"Caminhada e banho natural em Purilibre - Taito Aventura\",\"isPartOf\":{\"@id\":\"https:\/\/taitoaventura.com\/pt-br\/#website\"},\"primaryImageOfPage\":{\"@id\":\"https:\/\/taitoaventura.com\/pt-br\/producto\/experiencias\/aventura-outdoor-br\/caminhada-e-banho-natural-em-purilibre\/#primaryimage\"},\"image\":{\"@id\":\"https:\/\/taitoaventura.com\/pt-br\/producto\/experiencias\/aventura-outdoor-br\/caminhada-e-banho-natural-em-purilibre\/#primaryimage\"},\"thumbnailUrl\":\"https:\/\/taitoaventura.com\/wp-content\/uploads\/2026\/01\/IMG-20250104-WA0000.jpg\",\"datePublished\":\"2026-01-17T20:02:05+00:00\",\"dateModified\":\"2026-03-31T18:21:28+00:00\",\"breadcrumb\":{\"@id\":\"https:\/\/taitoaventura.com\/pt-br\/producto\/experiencias\/aventura-outdoor-br\/caminhada-e-banho-natural-em-purilibre\/#breadcrumb\"},\"inLanguage\":\"pt-BR\",\"potentialAction\":[{\"@type\":\"ReadAction\",\"target\":[\"https:\/\/taitoaventura.com\/pt-br\/producto\/experiencias\/aventura-outdoor-br\/caminhada-e-banho-natural-em-purilibre\/\"]}]},{\"@type\":\"ImageObject\",\"inLanguage\":\"pt-BR\",\"@id\":\"https:\/\/taitoaventura.com\/pt-br\/producto\/experiencias\/aventura-outdoor-br\/caminhada-e-banho-natural-em-purilibre\/#primaryimage\",\"url\":\"https:\/\/taitoaventura.com\/wp-content\/uploads\/2026\/01\/IMG-20250104-WA0000.jpg\",\"contentUrl\":\"https:\/\/taitoaventura.com\/wp-content\/uploads\/2026\/01\/IMG-20250104-WA0000.jpg\",\"width\":540,\"height\":720},{\"@type\":\"BreadcrumbList\",\"@id\":\"https:\/\/taitoaventura.com\/pt-br\/producto\/experiencias\/aventura-outdoor-br\/caminhada-e-banho-natural-em-purilibre\/#breadcrumb\",\"itemListElement\":[{\"@type\":\"ListItem\",\"position\":1,\"name\":\"Portada\",\"item\":\"https:\/\/taitoaventura.com\/pt-br\/inicial\/\"},{\"@type\":\"ListItem\",\"position\":2,\"name\":\"Loja\",\"item\":\"https:\/\/taitoaventura.com\/pt-br\/loja\/\"},{\"@type\":\"ListItem\",\"position\":3,\"name\":\"Caminhada e banho natural em Purilibre\"}]},{\"@type\":\"WebSite\",\"@id\":\"https:\/\/taitoaventura.com\/pt-br\/#website\",\"url\":\"https:\/\/taitoaventura.com\/pt-br\/\",\"name\":\"Taito Aventura\",\"description\":\"Sitio web en desarrollo\",\"potentialAction\":[{\"@type\":\"SearchAction\",\"target\":{\"@type\":\"EntryPoint\",\"urlTemplate\":\"https:\/\/taitoaventura.com\/pt-br\/?s={search_term_string}\"},\"query-input\":{\"@type\":\"PropertyValueSpecification\",\"valueRequired\":true,\"valueName\":\"search_term_string\"}}],\"inLanguage\":\"pt-BR\"}]}<\/script>\n<!-- \/ Yoast SEO plugin. -->","yoast_head_json":{"title":"Caminhada e banho natural em Purilibre - Taito Aventura","robots":{"index":"index","follow":"follow","max-snippet":"max-snippet:-1","max-image-preview":"max-image-preview:large","max-video-preview":"max-video-preview:-1"},"canonical":"https:\/\/taitoaventura.com\/pt-br\/producto\/experiencias\/aventura-outdoor-br\/caminhada-e-banho-natural-em-purilibre\/","og_locale":"pt_BR","og_type":"article","og_title":"Caminhada e banho natural em Purilibre - Taito Aventura","og_description":"\ud83c\udf3f Desconex\u00e3o profunda entre \u00e1gua, pedra e sil\u00eancio Viva uma experi\u00eancia \u00edntima e sensorial em Purilibre, um recanto pouco explorado do deserto onde o sil\u00eancio, a \u00e1gua e a hist\u00f3ria se entrela\u00e7am. Este passeio convida voc\u00ea a se reconectar com o ambiente e consigo mesmo, combinando relaxamento e caminhada consciente. Situado na Reserva Puritama, o [&hellip;]","og_url":"https:\/\/taitoaventura.com\/pt-br\/producto\/experiencias\/aventura-outdoor-br\/caminhada-e-banho-natural-em-purilibre\/","og_site_name":"Taito Aventura","article_modified_time":"2026-03-31T18:21:28+00:00","og_image":[{"width":540,"height":720,"url":"https:\/\/taitoaventura.com\/wp-content\/uploads\/2026\/01\/IMG-20250104-WA0000.jpg","type":"image\/jpeg"}],"twitter_card":"summary_large_image","twitter_misc":{"Est. tempo de leitura":"1 minuto"},"schema":{"@context":"https:\/\/schema.org","@graph":[{"@type":"WebPage","@id":"https:\/\/taitoaventura.com\/pt-br\/producto\/experiencias\/aventura-outdoor-br\/caminhada-e-banho-natural-em-purilibre\/","url":"https:\/\/taitoaventura.com\/pt-br\/producto\/experiencias\/aventura-outdoor-br\/caminhada-e-banho-natural-em-purilibre\/","name":"Caminhada e banho natural em Purilibre - Taito Aventura","isPartOf":{"@id":"https:\/\/taitoaventura.com\/pt-br\/#website"},"primaryImageOfPage":{"@id":"https:\/\/taitoaventura.com\/pt-br\/producto\/experiencias\/aventura-outdoor-br\/caminhada-e-banho-natural-em-purilibre\/#primaryimage"},"image":{"@id":"https:\/\/taitoaventura.com\/pt-br\/producto\/experiencias\/aventura-outdoor-br\/caminhada-e-banho-natural-em-purilibre\/#primaryimage"},"thumbnailUrl":"https:\/\/taitoaventura.com\/wp-content\/uploads\/2026\/01\/IMG-20250104-WA0000.jpg","datePublished":"2026-01-17T20:02:05+00:00","dateModified":"2026-03-31T18:21:28+00:00","breadcrumb":{"@id":"https:\/\/taitoaventura.com\/pt-br\/producto\/experiencias\/aventura-outdoor-br\/caminhada-e-banho-natural-em-purilibre\/#breadcrumb"},"inLanguage":"pt-BR","potentialAction":[{"@type":"ReadAction","target":["https:\/\/taitoaventura.com\/pt-br\/producto\/experiencias\/aventura-outdoor-br\/caminhada-e-banho-natural-em-purilibre\/"]}]},{"@type":"ImageObject","inLanguage":"pt-BR","@id":"https:\/\/taitoaventura.com\/pt-br\/producto\/experiencias\/aventura-outdoor-br\/caminhada-e-banho-natural-em-purilibre\/#primaryimage","url":"https:\/\/taitoaventura.com\/wp-content\/uploads\/2026\/01\/IMG-20250104-WA0000.jpg","contentUrl":"https:\/\/taitoaventura.com\/wp-content\/uploads\/2026\/01\/IMG-20250104-WA0000.jpg","width":540,"height":720},{"@type":"BreadcrumbList","@id":"https:\/\/taitoaventura.com\/pt-br\/producto\/experiencias\/aventura-outdoor-br\/caminhada-e-banho-natural-em-purilibre\/#breadcrumb","itemListElement":[{"@type":"ListItem","position":1,"name":"Portada","item":"https:\/\/taitoaventura.com\/pt-br\/inicial\/"},{"@type":"ListItem","position":2,"name":"Loja","item":"https:\/\/taitoaventura.com\/pt-br\/loja\/"},{"@type":"ListItem","position":3,"name":"Caminhada e banho natural em Purilibre"}]},{"@type":"WebSite","@id":"https:\/\/taitoaventura.com\/pt-br\/#website","url":"https:\/\/taitoaventura.com\/pt-br\/","name":"Taito Aventura","description":"Sitio web en desarrollo","potentialAction":[{"@type":"SearchAction","target":{"@type":"EntryPoint","urlTemplate":"https:\/\/taitoaventura.com\/pt-br\/?s={search_term_string}"},"query-input":{"@type":"PropertyValueSpecification","valueRequired":true,"valueName":"search_term_string"}}],"inLanguage":"pt-BR"}]}},"_links":{"self":[{"href":"https:\/\/taitoaventura.com\/pt-br\/wp-json\/wp\/v2\/product\/5997","targetHints":{"allow":["GET"]}}],"collection":[{"href":"https:\/\/taitoaventura.com\/pt-br\/wp-json\/wp\/v2\/product"}],"about":[{"href":"https:\/\/taitoaventura.com\/pt-br\/wp-json\/wp\/v2\/types\/product"}],"replies":[{"embeddable":true,"href":"https:\/\/taitoaventura.com\/pt-br\/wp-json\/wp\/v2\/comments?post=5997"}],"version-history":[{"count":0,"href":"https:\/\/taitoaventura.com\/pt-br\/wp-json\/wp\/v2\/product\/5997\/revisions"}],"wp:featuredmedia":[{"embeddable":true,"href":"https:\/\/taitoaventura.com\/pt-br\/wp-json\/wp\/v2\/media\/6004"}],"wp:attachment":[{"href":"https:\/\/taitoaventura.com\/pt-br\/wp-json\/wp\/v2\/media?parent=5997"}],"wp:term":[{"taxonomy":"product_brand","embeddable":true,"href":"https:\/\/taitoaventura.com\/pt-br\/wp-json\/wp\/v2\/product_brand?post=5997"},{"taxonomy":"product_cat","embeddable":true,"href":"https:\/\/taitoaventura.com\/pt-br\/wp-json\/wp\/v2\/product_cat?post=5997"},{"taxonomy":"product_tag","embeddable":true,"href":"https:\/\/taitoaventura.com\/pt-br\/wp-json\/wp\/v2\/product_tag?post=5997"}],"curies":[{"name":"wp","href":"https:\/\/api.w.org\/{rel}","templated":true}]}}