{"id":5992,"date":"2026-01-17T20:10:11","date_gmt":"2026-01-17T20:10:11","guid":{"rendered":"https:\/\/taitoaventura.com\/producto\/sem categoria\/passeio-de-bicicleta-garganta-do-diabo\/"},"modified":"2026-03-31T18:08:50","modified_gmt":"2026-03-31T18:08:50","slug":"passeio-de-bicicleta-garganta-do-diabo","status":"publish","type":"product","link":"https:\/\/taitoaventura.com\/pt-br\/producto\/experiencias\/aventura-outdoor-br\/passeio-de-bicicleta-garganta-do-diabo\/","title":{"rendered":"Passeio de bicicleta &#8211; Garganta do Diabo"},"content":{"rendered":"<h3><b>\ud83d\udeb5\u200d\u2640\ufe0f Pedale entre paredes rochosas e aventuras<\/b><\/h3>\n<p>Atreva-se a explorar uma das paisagens mais emocionantes do deserto de Atacama em uma aventura sobre duas rodas. <b>O passeio leva voc\u00ea pela m\u00edtica Garganta do Diabo<\/b>, um desfiladeiro estreito com paredes de rocha avermelhada, curvas fechadas e trechos onde o terreno parece ter sa\u00eddo de outro planeta.<\/p>\n<p>O passeio foi concebido para <b>todos os n\u00edveis<\/b>: n\u00e3o \u00e9 necess\u00e1rio ter experi\u00eancia pr\u00e9via, j\u00e1 que o percurso \u00e9 predominantemente em descida e em ritmo tranquilo, com paradas frequentes para descansar, tirar fotos e aprender mais sobre a geologia e a cultura do local. No entanto, \u00e9 importante saber andar de bicicleta.<\/p>\n<p><span style=\"font-weight: 400;\">Al\u00e9m da adrenalina do pedal, voc\u00ea vai vivenciar a magia do sil\u00eancio do deserto, a sombra dos c\u00e2nions e a imensid\u00e3o da paisagem que se revela a cada curva da estrada.<\/span><\/p>\n","protected":false},"excerpt":{"rendered":"<p>\ud83d\udeb5\u200d\u2640\ufe0f Pedale entre paredes rochosas e aventuras Atreva-se a explorar uma das paisagens mais emocionantes do deserto de Atacama em uma aventura sobre duas rodas. O passeio leva voc\u00ea pela m\u00edtica Garganta do Diabo, um desfiladeiro estreito com paredes de rocha avermelhada, curvas fechadas e trechos onde o terreno parece ter sa\u00eddo de outro planeta. [&hellip;]<\/p>\n","protected":false},"featured_media":5993,"comment_status":"open","ping_status":"closed","template":"","meta":{"_acf_changed":false},"product_brand":[],"product_cat":[119],"product_tag":[],"class_list":{"0":"post-5992","1":"product","2":"type-product","3":"status-publish","4":"has-post-thumbnail","6":"product_cat-aventura-outdoor-br","8":"first","9":"instock","10":"virtual","11":"sold-individually","12":"purchasable","13":"product-type-booking"},"booking_location":"","booking_location_type":"","booking_duration":1,"booking_duration_unit":"day","booking_buffer":0,"booking_cost":50000,"booking_resources":[],"exclude_global_add_ons":[],"addons":[],"acf":[],"yoast_head":"<!-- This site is optimized with the Yoast SEO plugin v26.8 - https:\/\/yoast.com\/product\/yoast-seo-wordpress\/ -->\n<title>Passeio de bicicleta - Garganta do Diabo - Taito Aventura<\/title>\n<meta name=\"robots\" content=\"index, follow, max-snippet:-1, max-image-preview:large, max-video-preview:-1\" \/>\n<link rel=\"canonical\" href=\"https:\/\/taitoaventura.com\/pt-br\/producto\/experiencias\/aventura-outdoor-br\/passeio-de-bicicleta-garganta-do-diabo\/\" \/>\n<meta property=\"og:locale\" content=\"pt_BR\" \/>\n<meta property=\"og:type\" content=\"article\" \/>\n<meta property=\"og:title\" content=\"Passeio de bicicleta - Garganta do Diabo - Taito Aventura\" \/>\n<meta property=\"og:description\" content=\"\ud83d\udeb5\u200d\u2640\ufe0f Pedale entre paredes rochosas e aventuras Atreva-se a explorar uma das paisagens mais emocionantes do deserto de Atacama em uma aventura sobre duas rodas. O passeio leva voc\u00ea pela m\u00edtica Garganta do Diabo, um desfiladeiro estreito com paredes de rocha avermelhada, curvas fechadas e trechos onde o terreno parece ter sa\u00eddo de outro planeta. [&hellip;]\" \/>\n<meta property=\"og:url\" content=\"https:\/\/taitoaventura.com\/pt-br\/producto\/experiencias\/aventura-outdoor-br\/passeio-de-bicicleta-garganta-do-diabo\/\" \/>\n<meta property=\"og:site_name\" content=\"Taito Aventura\" \/>\n<meta property=\"article:modified_time\" content=\"2026-03-31T18:08:50+00:00\" \/>\n<meta property=\"og:image\" content=\"https:\/\/taitoaventura.com\/wp-content\/uploads\/2026\/01\/IMG-20241112-WA0084.jpg\" \/>\n\t<meta property=\"og:image:width\" content=\"540\" \/>\n\t<meta property=\"og:image:height\" content=\"720\" \/>\n\t<meta property=\"og:image:type\" content=\"image\/jpeg\" \/>\n<meta name=\"twitter:card\" content=\"summary_large_image\" \/>\n<meta name=\"twitter:label1\" content=\"Est. tempo de leitura\" \/>\n\t<meta name=\"twitter:data1\" content=\"1 minuto\" \/>\n<script type=\"application\/ld+json\" class=\"yoast-schema-graph\">{\"@context\":\"https:\/\/schema.org\",\"@graph\":[{\"@type\":\"WebPage\",\"@id\":\"https:\/\/taitoaventura.com\/pt-br\/producto\/experiencias\/aventura-outdoor-br\/passeio-de-bicicleta-garganta-do-diabo\/\",\"url\":\"https:\/\/taitoaventura.com\/pt-br\/producto\/experiencias\/aventura-outdoor-br\/passeio-de-bicicleta-garganta-do-diabo\/\",\"name\":\"Passeio de bicicleta - Garganta do Diabo - Taito Aventura\",\"isPartOf\":{\"@id\":\"https:\/\/taitoaventura.com\/pt-br\/#website\"},\"primaryImageOfPage\":{\"@id\":\"https:\/\/taitoaventura.com\/pt-br\/producto\/experiencias\/aventura-outdoor-br\/passeio-de-bicicleta-garganta-do-diabo\/#primaryimage\"},\"image\":{\"@id\":\"https:\/\/taitoaventura.com\/pt-br\/producto\/experiencias\/aventura-outdoor-br\/passeio-de-bicicleta-garganta-do-diabo\/#primaryimage\"},\"thumbnailUrl\":\"https:\/\/taitoaventura.com\/wp-content\/uploads\/2026\/01\/IMG-20241112-WA0084.jpg\",\"datePublished\":\"2026-01-17T20:10:11+00:00\",\"dateModified\":\"2026-03-31T18:08:50+00:00\",\"breadcrumb\":{\"@id\":\"https:\/\/taitoaventura.com\/pt-br\/producto\/experiencias\/aventura-outdoor-br\/passeio-de-bicicleta-garganta-do-diabo\/#breadcrumb\"},\"inLanguage\":\"pt-BR\",\"potentialAction\":[{\"@type\":\"ReadAction\",\"target\":[\"https:\/\/taitoaventura.com\/pt-br\/producto\/experiencias\/aventura-outdoor-br\/passeio-de-bicicleta-garganta-do-diabo\/\"]}]},{\"@type\":\"ImageObject\",\"inLanguage\":\"pt-BR\",\"@id\":\"https:\/\/taitoaventura.com\/pt-br\/producto\/experiencias\/aventura-outdoor-br\/passeio-de-bicicleta-garganta-do-diabo\/#primaryimage\",\"url\":\"https:\/\/taitoaventura.com\/wp-content\/uploads\/2026\/01\/IMG-20241112-WA0084.jpg\",\"contentUrl\":\"https:\/\/taitoaventura.com\/wp-content\/uploads\/2026\/01\/IMG-20241112-WA0084.jpg\",\"width\":540,\"height\":720},{\"@type\":\"BreadcrumbList\",\"@id\":\"https:\/\/taitoaventura.com\/pt-br\/producto\/experiencias\/aventura-outdoor-br\/passeio-de-bicicleta-garganta-do-diabo\/#breadcrumb\",\"itemListElement\":[{\"@type\":\"ListItem\",\"position\":1,\"name\":\"Portada\",\"item\":\"https:\/\/taitoaventura.com\/pt-br\/inicial\/\"},{\"@type\":\"ListItem\",\"position\":2,\"name\":\"Loja\",\"item\":\"https:\/\/taitoaventura.com\/pt-br\/loja\/\"},{\"@type\":\"ListItem\",\"position\":3,\"name\":\"Passeio de bicicleta &#8211; Garganta do Diabo\"}]},{\"@type\":\"WebSite\",\"@id\":\"https:\/\/taitoaventura.com\/pt-br\/#website\",\"url\":\"https:\/\/taitoaventura.com\/pt-br\/\",\"name\":\"Taito Aventura\",\"description\":\"Sitio web en desarrollo\",\"potentialAction\":[{\"@type\":\"SearchAction\",\"target\":{\"@type\":\"EntryPoint\",\"urlTemplate\":\"https:\/\/taitoaventura.com\/pt-br\/?s={search_term_string}\"},\"query-input\":{\"@type\":\"PropertyValueSpecification\",\"valueRequired\":true,\"valueName\":\"search_term_string\"}}],\"inLanguage\":\"pt-BR\"}]}<\/script>\n<!-- \/ Yoast SEO plugin. -->","yoast_head_json":{"title":"Passeio de bicicleta - Garganta do Diabo - Taito Aventura","robots":{"index":"index","follow":"follow","max-snippet":"max-snippet:-1","max-image-preview":"max-image-preview:large","max-video-preview":"max-video-preview:-1"},"canonical":"https:\/\/taitoaventura.com\/pt-br\/producto\/experiencias\/aventura-outdoor-br\/passeio-de-bicicleta-garganta-do-diabo\/","og_locale":"pt_BR","og_type":"article","og_title":"Passeio de bicicleta - Garganta do Diabo - Taito Aventura","og_description":"\ud83d\udeb5\u200d\u2640\ufe0f Pedale entre paredes rochosas e aventuras Atreva-se a explorar uma das paisagens mais emocionantes do deserto de Atacama em uma aventura sobre duas rodas. O passeio leva voc\u00ea pela m\u00edtica Garganta do Diabo, um desfiladeiro estreito com paredes de rocha avermelhada, curvas fechadas e trechos onde o terreno parece ter sa\u00eddo de outro planeta. [&hellip;]","og_url":"https:\/\/taitoaventura.com\/pt-br\/producto\/experiencias\/aventura-outdoor-br\/passeio-de-bicicleta-garganta-do-diabo\/","og_site_name":"Taito Aventura","article_modified_time":"2026-03-31T18:08:50+00:00","og_image":[{"width":540,"height":720,"url":"https:\/\/taitoaventura.com\/wp-content\/uploads\/2026\/01\/IMG-20241112-WA0084.jpg","type":"image\/jpeg"}],"twitter_card":"summary_large_image","twitter_misc":{"Est. tempo de leitura":"1 minuto"},"schema":{"@context":"https:\/\/schema.org","@graph":[{"@type":"WebPage","@id":"https:\/\/taitoaventura.com\/pt-br\/producto\/experiencias\/aventura-outdoor-br\/passeio-de-bicicleta-garganta-do-diabo\/","url":"https:\/\/taitoaventura.com\/pt-br\/producto\/experiencias\/aventura-outdoor-br\/passeio-de-bicicleta-garganta-do-diabo\/","name":"Passeio de bicicleta - Garganta do Diabo - Taito Aventura","isPartOf":{"@id":"https:\/\/taitoaventura.com\/pt-br\/#website"},"primaryImageOfPage":{"@id":"https:\/\/taitoaventura.com\/pt-br\/producto\/experiencias\/aventura-outdoor-br\/passeio-de-bicicleta-garganta-do-diabo\/#primaryimage"},"image":{"@id":"https:\/\/taitoaventura.com\/pt-br\/producto\/experiencias\/aventura-outdoor-br\/passeio-de-bicicleta-garganta-do-diabo\/#primaryimage"},"thumbnailUrl":"https:\/\/taitoaventura.com\/wp-content\/uploads\/2026\/01\/IMG-20241112-WA0084.jpg","datePublished":"2026-01-17T20:10:11+00:00","dateModified":"2026-03-31T18:08:50+00:00","breadcrumb":{"@id":"https:\/\/taitoaventura.com\/pt-br\/producto\/experiencias\/aventura-outdoor-br\/passeio-de-bicicleta-garganta-do-diabo\/#breadcrumb"},"inLanguage":"pt-BR","potentialAction":[{"@type":"ReadAction","target":["https:\/\/taitoaventura.com\/pt-br\/producto\/experiencias\/aventura-outdoor-br\/passeio-de-bicicleta-garganta-do-diabo\/"]}]},{"@type":"ImageObject","inLanguage":"pt-BR","@id":"https:\/\/taitoaventura.com\/pt-br\/producto\/experiencias\/aventura-outdoor-br\/passeio-de-bicicleta-garganta-do-diabo\/#primaryimage","url":"https:\/\/taitoaventura.com\/wp-content\/uploads\/2026\/01\/IMG-20241112-WA0084.jpg","contentUrl":"https:\/\/taitoaventura.com\/wp-content\/uploads\/2026\/01\/IMG-20241112-WA0084.jpg","width":540,"height":720},{"@type":"BreadcrumbList","@id":"https:\/\/taitoaventura.com\/pt-br\/producto\/experiencias\/aventura-outdoor-br\/passeio-de-bicicleta-garganta-do-diabo\/#breadcrumb","itemListElement":[{"@type":"ListItem","position":1,"name":"Portada","item":"https:\/\/taitoaventura.com\/pt-br\/inicial\/"},{"@type":"ListItem","position":2,"name":"Loja","item":"https:\/\/taitoaventura.com\/pt-br\/loja\/"},{"@type":"ListItem","position":3,"name":"Passeio de bicicleta &#8211; Garganta do Diabo"}]},{"@type":"WebSite","@id":"https:\/\/taitoaventura.com\/pt-br\/#website","url":"https:\/\/taitoaventura.com\/pt-br\/","name":"Taito Aventura","description":"Sitio web en desarrollo","potentialAction":[{"@type":"SearchAction","target":{"@type":"EntryPoint","urlTemplate":"https:\/\/taitoaventura.com\/pt-br\/?s={search_term_string}"},"query-input":{"@type":"PropertyValueSpecification","valueRequired":true,"valueName":"search_term_string"}}],"inLanguage":"pt-BR"}]}},"_links":{"self":[{"href":"https:\/\/taitoaventura.com\/pt-br\/wp-json\/wp\/v2\/product\/5992","targetHints":{"allow":["GET"]}}],"collection":[{"href":"https:\/\/taitoaventura.com\/pt-br\/wp-json\/wp\/v2\/product"}],"about":[{"href":"https:\/\/taitoaventura.com\/pt-br\/wp-json\/wp\/v2\/types\/product"}],"replies":[{"embeddable":true,"href":"https:\/\/taitoaventura.com\/pt-br\/wp-json\/wp\/v2\/comments?post=5992"}],"version-history":[{"count":0,"href":"https:\/\/taitoaventura.com\/pt-br\/wp-json\/wp\/v2\/product\/5992\/revisions"}],"wp:featuredmedia":[{"embeddable":true,"href":"https:\/\/taitoaventura.com\/pt-br\/wp-json\/wp\/v2\/media\/5993"}],"wp:attachment":[{"href":"https:\/\/taitoaventura.com\/pt-br\/wp-json\/wp\/v2\/media?parent=5992"}],"wp:term":[{"taxonomy":"product_brand","embeddable":true,"href":"https:\/\/taitoaventura.com\/pt-br\/wp-json\/wp\/v2\/product_brand?post=5992"},{"taxonomy":"product_cat","embeddable":true,"href":"https:\/\/taitoaventura.com\/pt-br\/wp-json\/wp\/v2\/product_cat?post=5992"},{"taxonomy":"product_tag","embeddable":true,"href":"https:\/\/taitoaventura.com\/pt-br\/wp-json\/wp\/v2\/product_tag?post=5992"}],"curies":[{"name":"wp","href":"https:\/\/api.w.org\/{rel}","templated":true}]}}