{"id":5987,"date":"2026-01-17T20:14:31","date_gmt":"2026-01-17T20:14:31","guid":{"rendered":"https:\/\/taitoaventura.com\/producto\/sem categoria\/subida-ao-cerro-toco-5-604-m-acima-do-nivel-do-mar\/"},"modified":"2026-03-31T18:04:08","modified_gmt":"2026-03-31T18:04:08","slug":"subida-ao-cerro-toco-5-604-m-acima-do-nivel-do-mar","status":"publish","type":"product","link":"https:\/\/taitoaventura.com\/pt-br\/producto\/experiencias\/aventura-outdoor-br\/subida-ao-cerro-toco-5-604-m-acima-do-nivel-do-mar\/","title":{"rendered":"Subida ao Cerro Toco (5.604 m acima do n\u00edvel do mar)"},"content":{"rendered":"<h3><b>\ud83e\uddd7\u200d\u2642\ufe0f A 5.604 metros acima do n\u00edvel do mar: conquiste um pico do altiplano<\/b><\/h3>\n<p>Conquiste agora seus primeiros \u201c5 MIL\u201d \ud83d\ude0e e viva a experi\u00eancia \u00fanica de <b>escalar um vulc\u00e3o andino<\/b> e atingir <b>5.604 metros acima do n\u00edvel do mar<\/b> em uma das montanhas mais acess\u00edveis e seguras de San Pedro de Atacama. O <b>Cerro Toco<\/b> \u00e9 uma excelente op\u00e7\u00e3o para quem deseja se iniciar no alpinismo sem necessidade de experi\u00eancia pr\u00e9via em escalada t\u00e9cnica. No entanto, requer condi\u00e7\u00e3o f\u00edsica adequada para escalar uma montanha.<\/p>\n<p><span style=\"font-weight: 400;\">A aventura come\u00e7a com um traslado at\u00e9 o ponto de partida, a mais de 5.200 metros acima do n\u00edvel do mar, de onde se inicia uma caminhada com subida gradual, guiada por especialistas que o acompanhar\u00e3o durante todo o percurso, cuidando do seu ritmo, oxigena\u00e7\u00e3o e bem-estar.<\/span><\/p>\n<p>No topo, voc\u00ea ser\u00e1 recompensado com <b>vistas espetaculares do planalto chileno e boliviano<\/b>, da Laguna Blanca, do Salar de Atacama e de vulc\u00f5es como o Licancabur e o Juriques.<\/p>\n<p><span style=\"font-weight: 400;\">Uma experi\u00eancia desafiadora, mas totalmente ao alcance de todos, ideal para quem deseja superar seus limites pessoais em um ambiente seguro e cercado por paisagens incompar\u00e1veis.<\/span><\/p>\n","protected":false},"excerpt":{"rendered":"<p>\ud83e\uddd7\u200d\u2642\ufe0f A 5.604 metros acima do n\u00edvel do mar: conquiste um pico do altiplano Conquiste agora seus primeiros \u201c5 MIL\u201d \ud83d\ude0e e viva a experi\u00eancia \u00fanica de escalar um vulc\u00e3o andino e atingir 5.604 metros acima do n\u00edvel do mar em uma das montanhas mais acess\u00edveis e seguras de San Pedro de Atacama. O Cerro [&hellip;]<\/p>\n","protected":false},"featured_media":5988,"comment_status":"open","ping_status":"closed","template":"","meta":{"_acf_changed":false},"product_brand":[],"product_cat":[119],"product_tag":[],"class_list":{"0":"post-5987","1":"product","2":"type-product","3":"status-publish","4":"has-post-thumbnail","6":"product_cat-aventura-outdoor-br","8":"first","9":"instock","10":"virtual","11":"sold-individually","12":"purchasable","13":"product-type-booking"},"booking_location":"","booking_location_type":"","booking_duration":1,"booking_duration_unit":"day","booking_buffer":0,"booking_cost":85000,"booking_resources":[],"exclude_global_add_ons":[],"addons":[],"acf":[],"yoast_head":"<!-- This site is optimized with the Yoast SEO plugin v26.8 - https:\/\/yoast.com\/product\/yoast-seo-wordpress\/ -->\n<title>Subida ao Cerro Toco (5.604 m acima do n\u00edvel do mar) - Taito Aventura<\/title>\n<meta name=\"robots\" content=\"index, follow, max-snippet:-1, max-image-preview:large, max-video-preview:-1\" \/>\n<link rel=\"canonical\" href=\"https:\/\/taitoaventura.com\/pt-br\/producto\/experiencias\/aventura-outdoor-br\/subida-ao-cerro-toco-5-604-m-acima-do-nivel-do-mar\/\" \/>\n<meta property=\"og:locale\" content=\"pt_BR\" \/>\n<meta property=\"og:type\" content=\"article\" \/>\n<meta property=\"og:title\" content=\"Subida ao Cerro Toco (5.604 m acima do n\u00edvel do mar) - Taito Aventura\" \/>\n<meta property=\"og:description\" content=\"\ud83e\uddd7\u200d\u2642\ufe0f A 5.604 metros acima do n\u00edvel do mar: conquiste um pico do altiplano Conquiste agora seus primeiros \u201c5 MIL\u201d \ud83d\ude0e e viva a experi\u00eancia \u00fanica de escalar um vulc\u00e3o andino e atingir 5.604 metros acima do n\u00edvel do mar em uma das montanhas mais acess\u00edveis e seguras de San Pedro de Atacama. O Cerro [&hellip;]\" \/>\n<meta property=\"og:url\" content=\"https:\/\/taitoaventura.com\/pt-br\/producto\/experiencias\/aventura-outdoor-br\/subida-ao-cerro-toco-5-604-m-acima-do-nivel-do-mar\/\" \/>\n<meta property=\"og:site_name\" content=\"Taito Aventura\" \/>\n<meta property=\"article:modified_time\" content=\"2026-03-31T18:04:08+00:00\" \/>\n<meta property=\"og:image\" content=\"https:\/\/taitoaventura.com\/wp-content\/uploads\/2026\/01\/IMG-20240802-WA0014.jpg\" \/>\n\t<meta property=\"og:image:width\" content=\"960\" \/>\n\t<meta property=\"og:image:height\" content=\"720\" \/>\n\t<meta property=\"og:image:type\" content=\"image\/jpeg\" \/>\n<meta name=\"twitter:card\" content=\"summary_large_image\" \/>\n<meta name=\"twitter:label1\" content=\"Est. tempo de leitura\" \/>\n\t<meta name=\"twitter:data1\" content=\"1 minuto\" \/>\n<script type=\"application\/ld+json\" class=\"yoast-schema-graph\">{\"@context\":\"https:\/\/schema.org\",\"@graph\":[{\"@type\":\"WebPage\",\"@id\":\"https:\/\/taitoaventura.com\/pt-br\/producto\/experiencias\/aventura-outdoor-br\/subida-ao-cerro-toco-5-604-m-acima-do-nivel-do-mar\/\",\"url\":\"https:\/\/taitoaventura.com\/pt-br\/producto\/experiencias\/aventura-outdoor-br\/subida-ao-cerro-toco-5-604-m-acima-do-nivel-do-mar\/\",\"name\":\"Subida ao Cerro Toco (5.604 m acima do n\u00edvel do mar) - Taito Aventura\",\"isPartOf\":{\"@id\":\"https:\/\/taitoaventura.com\/pt-br\/#website\"},\"primaryImageOfPage\":{\"@id\":\"https:\/\/taitoaventura.com\/pt-br\/producto\/experiencias\/aventura-outdoor-br\/subida-ao-cerro-toco-5-604-m-acima-do-nivel-do-mar\/#primaryimage\"},\"image\":{\"@id\":\"https:\/\/taitoaventura.com\/pt-br\/producto\/experiencias\/aventura-outdoor-br\/subida-ao-cerro-toco-5-604-m-acima-do-nivel-do-mar\/#primaryimage\"},\"thumbnailUrl\":\"https:\/\/taitoaventura.com\/wp-content\/uploads\/2026\/01\/IMG-20240802-WA0014.jpg\",\"datePublished\":\"2026-01-17T20:14:31+00:00\",\"dateModified\":\"2026-03-31T18:04:08+00:00\",\"breadcrumb\":{\"@id\":\"https:\/\/taitoaventura.com\/pt-br\/producto\/experiencias\/aventura-outdoor-br\/subida-ao-cerro-toco-5-604-m-acima-do-nivel-do-mar\/#breadcrumb\"},\"inLanguage\":\"pt-BR\",\"potentialAction\":[{\"@type\":\"ReadAction\",\"target\":[\"https:\/\/taitoaventura.com\/pt-br\/producto\/experiencias\/aventura-outdoor-br\/subida-ao-cerro-toco-5-604-m-acima-do-nivel-do-mar\/\"]}]},{\"@type\":\"ImageObject\",\"inLanguage\":\"pt-BR\",\"@id\":\"https:\/\/taitoaventura.com\/pt-br\/producto\/experiencias\/aventura-outdoor-br\/subida-ao-cerro-toco-5-604-m-acima-do-nivel-do-mar\/#primaryimage\",\"url\":\"https:\/\/taitoaventura.com\/wp-content\/uploads\/2026\/01\/IMG-20240802-WA0014.jpg\",\"contentUrl\":\"https:\/\/taitoaventura.com\/wp-content\/uploads\/2026\/01\/IMG-20240802-WA0014.jpg\",\"width\":960,\"height\":720},{\"@type\":\"BreadcrumbList\",\"@id\":\"https:\/\/taitoaventura.com\/pt-br\/producto\/experiencias\/aventura-outdoor-br\/subida-ao-cerro-toco-5-604-m-acima-do-nivel-do-mar\/#breadcrumb\",\"itemListElement\":[{\"@type\":\"ListItem\",\"position\":1,\"name\":\"Portada\",\"item\":\"https:\/\/taitoaventura.com\/pt-br\/inicial\/\"},{\"@type\":\"ListItem\",\"position\":2,\"name\":\"Loja\",\"item\":\"https:\/\/taitoaventura.com\/pt-br\/loja\/\"},{\"@type\":\"ListItem\",\"position\":3,\"name\":\"Subida ao Cerro Toco (5.604 m acima do n\u00edvel do mar)\"}]},{\"@type\":\"WebSite\",\"@id\":\"https:\/\/taitoaventura.com\/pt-br\/#website\",\"url\":\"https:\/\/taitoaventura.com\/pt-br\/\",\"name\":\"Taito Aventura\",\"description\":\"Sitio web en desarrollo\",\"potentialAction\":[{\"@type\":\"SearchAction\",\"target\":{\"@type\":\"EntryPoint\",\"urlTemplate\":\"https:\/\/taitoaventura.com\/pt-br\/?s={search_term_string}\"},\"query-input\":{\"@type\":\"PropertyValueSpecification\",\"valueRequired\":true,\"valueName\":\"search_term_string\"}}],\"inLanguage\":\"pt-BR\"}]}<\/script>\n<!-- \/ Yoast SEO plugin. -->","yoast_head_json":{"title":"Subida ao Cerro Toco (5.604 m acima do n\u00edvel do mar) - Taito Aventura","robots":{"index":"index","follow":"follow","max-snippet":"max-snippet:-1","max-image-preview":"max-image-preview:large","max-video-preview":"max-video-preview:-1"},"canonical":"https:\/\/taitoaventura.com\/pt-br\/producto\/experiencias\/aventura-outdoor-br\/subida-ao-cerro-toco-5-604-m-acima-do-nivel-do-mar\/","og_locale":"pt_BR","og_type":"article","og_title":"Subida ao Cerro Toco (5.604 m acima do n\u00edvel do mar) - Taito Aventura","og_description":"\ud83e\uddd7\u200d\u2642\ufe0f A 5.604 metros acima do n\u00edvel do mar: conquiste um pico do altiplano Conquiste agora seus primeiros \u201c5 MIL\u201d \ud83d\ude0e e viva a experi\u00eancia \u00fanica de escalar um vulc\u00e3o andino e atingir 5.604 metros acima do n\u00edvel do mar em uma das montanhas mais acess\u00edveis e seguras de San Pedro de Atacama. O Cerro [&hellip;]","og_url":"https:\/\/taitoaventura.com\/pt-br\/producto\/experiencias\/aventura-outdoor-br\/subida-ao-cerro-toco-5-604-m-acima-do-nivel-do-mar\/","og_site_name":"Taito Aventura","article_modified_time":"2026-03-31T18:04:08+00:00","og_image":[{"width":960,"height":720,"url":"https:\/\/taitoaventura.com\/wp-content\/uploads\/2026\/01\/IMG-20240802-WA0014.jpg","type":"image\/jpeg"}],"twitter_card":"summary_large_image","twitter_misc":{"Est. tempo de leitura":"1 minuto"},"schema":{"@context":"https:\/\/schema.org","@graph":[{"@type":"WebPage","@id":"https:\/\/taitoaventura.com\/pt-br\/producto\/experiencias\/aventura-outdoor-br\/subida-ao-cerro-toco-5-604-m-acima-do-nivel-do-mar\/","url":"https:\/\/taitoaventura.com\/pt-br\/producto\/experiencias\/aventura-outdoor-br\/subida-ao-cerro-toco-5-604-m-acima-do-nivel-do-mar\/","name":"Subida ao Cerro Toco (5.604 m acima do n\u00edvel do mar) - Taito Aventura","isPartOf":{"@id":"https:\/\/taitoaventura.com\/pt-br\/#website"},"primaryImageOfPage":{"@id":"https:\/\/taitoaventura.com\/pt-br\/producto\/experiencias\/aventura-outdoor-br\/subida-ao-cerro-toco-5-604-m-acima-do-nivel-do-mar\/#primaryimage"},"image":{"@id":"https:\/\/taitoaventura.com\/pt-br\/producto\/experiencias\/aventura-outdoor-br\/subida-ao-cerro-toco-5-604-m-acima-do-nivel-do-mar\/#primaryimage"},"thumbnailUrl":"https:\/\/taitoaventura.com\/wp-content\/uploads\/2026\/01\/IMG-20240802-WA0014.jpg","datePublished":"2026-01-17T20:14:31+00:00","dateModified":"2026-03-31T18:04:08+00:00","breadcrumb":{"@id":"https:\/\/taitoaventura.com\/pt-br\/producto\/experiencias\/aventura-outdoor-br\/subida-ao-cerro-toco-5-604-m-acima-do-nivel-do-mar\/#breadcrumb"},"inLanguage":"pt-BR","potentialAction":[{"@type":"ReadAction","target":["https:\/\/taitoaventura.com\/pt-br\/producto\/experiencias\/aventura-outdoor-br\/subida-ao-cerro-toco-5-604-m-acima-do-nivel-do-mar\/"]}]},{"@type":"ImageObject","inLanguage":"pt-BR","@id":"https:\/\/taitoaventura.com\/pt-br\/producto\/experiencias\/aventura-outdoor-br\/subida-ao-cerro-toco-5-604-m-acima-do-nivel-do-mar\/#primaryimage","url":"https:\/\/taitoaventura.com\/wp-content\/uploads\/2026\/01\/IMG-20240802-WA0014.jpg","contentUrl":"https:\/\/taitoaventura.com\/wp-content\/uploads\/2026\/01\/IMG-20240802-WA0014.jpg","width":960,"height":720},{"@type":"BreadcrumbList","@id":"https:\/\/taitoaventura.com\/pt-br\/producto\/experiencias\/aventura-outdoor-br\/subida-ao-cerro-toco-5-604-m-acima-do-nivel-do-mar\/#breadcrumb","itemListElement":[{"@type":"ListItem","position":1,"name":"Portada","item":"https:\/\/taitoaventura.com\/pt-br\/inicial\/"},{"@type":"ListItem","position":2,"name":"Loja","item":"https:\/\/taitoaventura.com\/pt-br\/loja\/"},{"@type":"ListItem","position":3,"name":"Subida ao Cerro Toco (5.604 m acima do n\u00edvel do mar)"}]},{"@type":"WebSite","@id":"https:\/\/taitoaventura.com\/pt-br\/#website","url":"https:\/\/taitoaventura.com\/pt-br\/","name":"Taito Aventura","description":"Sitio web en desarrollo","potentialAction":[{"@type":"SearchAction","target":{"@type":"EntryPoint","urlTemplate":"https:\/\/taitoaventura.com\/pt-br\/?s={search_term_string}"},"query-input":{"@type":"PropertyValueSpecification","valueRequired":true,"valueName":"search_term_string"}}],"inLanguage":"pt-BR"}]}},"_links":{"self":[{"href":"https:\/\/taitoaventura.com\/pt-br\/wp-json\/wp\/v2\/product\/5987","targetHints":{"allow":["GET"]}}],"collection":[{"href":"https:\/\/taitoaventura.com\/pt-br\/wp-json\/wp\/v2\/product"}],"about":[{"href":"https:\/\/taitoaventura.com\/pt-br\/wp-json\/wp\/v2\/types\/product"}],"replies":[{"embeddable":true,"href":"https:\/\/taitoaventura.com\/pt-br\/wp-json\/wp\/v2\/comments?post=5987"}],"version-history":[{"count":0,"href":"https:\/\/taitoaventura.com\/pt-br\/wp-json\/wp\/v2\/product\/5987\/revisions"}],"wp:featuredmedia":[{"embeddable":true,"href":"https:\/\/taitoaventura.com\/pt-br\/wp-json\/wp\/v2\/media\/5988"}],"wp:attachment":[{"href":"https:\/\/taitoaventura.com\/pt-br\/wp-json\/wp\/v2\/media?parent=5987"}],"wp:term":[{"taxonomy":"product_brand","embeddable":true,"href":"https:\/\/taitoaventura.com\/pt-br\/wp-json\/wp\/v2\/product_brand?post=5987"},{"taxonomy":"product_cat","embeddable":true,"href":"https:\/\/taitoaventura.com\/pt-br\/wp-json\/wp\/v2\/product_cat?post=5987"},{"taxonomy":"product_tag","embeddable":true,"href":"https:\/\/taitoaventura.com\/pt-br\/wp-json\/wp\/v2\/product_tag?post=5987"}],"curies":[{"name":"wp","href":"https:\/\/api.w.org\/{rel}","templated":true}]}}