{"id":5969,"date":"2026-01-17T20:26:11","date_gmt":"2026-01-17T20:26:11","guid":{"rendered":"https:\/\/taitoaventura.com\/producto\/sem categoria\/passeio-de-bicicleta-de-downhill-em-guatin-san-pedro-de-atacama\/"},"modified":"2026-03-31T17:53:40","modified_gmt":"2026-03-31T17:53:40","slug":"passeio-de-bicicleta-de-downhill-em-guatin-san-pedro-de-atacama","status":"publish","type":"product","link":"https:\/\/taitoaventura.com\/pt-br\/producto\/experiencias\/aventura-outdoor-br\/passeio-de-bicicleta-de-downhill-em-guatin-san-pedro-de-atacama\/","title":{"rendered":"Passeio de bicicleta de downhill em Guat\u00edn \u2013 San Pedro de Atacama"},"content":{"rendered":"<p><b>\ud83c\udfdc\ufe0f Descida entre montanhas, cactos e ravinas<\/b><b><br \/>\n<\/b> Viva uma das experi\u00eancias mais emocionantes do deserto com este passeio de bicicleta em <b>descida de Guat\u00edn (3.200 m de altitude) at\u00e9 San Pedro de Atacama (2.400 m de altitude)<\/b>, com um<b> desn\u00edvel aproximado de 800 metros.<\/b><span style=\"font-weight: 400;\"><br \/>\n<\/span><span style=\"font-weight: 400;\"> A rota atravessa paisagens impressionantes e oferece amplas vistas do Salar. Tudo isso em um percurso que combina adrenalina, t\u00e9cnica e contempla\u00e7\u00e3o. <\/span><span style=\"font-weight: 400;\"><br \/>\n<\/span><span style=\"font-weight: 400;\"> O ve\u00edculo de apoio acompanha todo o percurso, garantindo seguran\u00e7a e assist\u00eancia em todos os momentos. Ideal para quem busca uma dose de aventura sem perder o contato com a natureza do deserto. <\/span><\/p>\n<p><b><span style=\"font-weight: 400;\">\ud83d\udd52 <\/span>Itiner\u00e1rio de refer\u00eancia<\/b><\/p>\n<ul>\n<li style=\"font-weight: 400;\" aria-level=\"1\"><span style=\"font-weight: 400;\">Encontro na ag\u00eancia.<\/span><\/li>\n<li style=\"font-weight: 400;\" aria-level=\"1\"><span style=\"font-weight: 400;\">Traslado at\u00e9 Guat\u00edn (3.200 m de altitude) Passeio pelo desfiladeiro com dura\u00e7\u00e3o de 30 minutos.<\/span><\/li>\n<li style=\"font-weight: 400;\" aria-level=\"1\"><span style=\"font-weight: 400;\">Volto at\u00e9 o km 20, mais ou menos, para come\u00e7ar a descida.<\/span><\/li>\n<li style=\"font-weight: 400;\" aria-level=\"1\"><span style=\"font-weight: 400;\">Paradas estrat\u00e9gicas para descanso e fotos<\/span><\/li>\n<li style=\"font-weight: 400;\" aria-level=\"1\"><span style=\"font-weight: 400;\">Chegada a San Pedro e retorno ao alojamento.<\/span><\/li>\n<\/ul>\n","protected":false},"excerpt":{"rendered":"<p>\ud83c\udfdc\ufe0f Descida entre montanhas, cactos e ravinas Viva uma das experi\u00eancias mais emocionantes do deserto com este passeio de bicicleta em descida de Guat\u00edn (3.200 m de altitude) at\u00e9 San Pedro de Atacama (2.400 m de altitude), com um desn\u00edvel aproximado de 800 metros. A rota atravessa paisagens impressionantes e oferece amplas vistas do Salar. [&hellip;]<\/p>\n","protected":false},"featured_media":5970,"comment_status":"open","ping_status":"closed","template":"","meta":{"_acf_changed":false},"product_brand":[],"product_cat":[119,121],"product_tag":[],"class_list":{"0":"post-5969","1":"product","2":"type-product","3":"status-publish","4":"has-post-thumbnail","6":"product_cat-aventura-outdoor-br","7":"product_cat-experiencias-originais","9":"first","10":"instock","11":"virtual","12":"sold-individually","13":"purchasable","14":"product-type-booking"},"booking_location":"","booking_location_type":"","booking_duration":1,"booking_duration_unit":"day","booking_buffer":0,"booking_cost":85000,"booking_resources":[],"exclude_global_add_ons":[],"addons":[],"acf":[],"yoast_head":"<!-- This site is optimized with the Yoast SEO plugin v26.8 - https:\/\/yoast.com\/product\/yoast-seo-wordpress\/ -->\n<title>Passeio de bicicleta de downhill em Guat\u00edn \u2013 San Pedro de Atacama - Taito Aventura<\/title>\n<meta name=\"robots\" content=\"index, follow, max-snippet:-1, max-image-preview:large, max-video-preview:-1\" \/>\n<link rel=\"canonical\" href=\"https:\/\/taitoaventura.com\/pt-br\/producto\/experiencias\/aventura-outdoor-br\/passeio-de-bicicleta-de-downhill-em-guatin-san-pedro-de-atacama\/\" \/>\n<meta property=\"og:locale\" content=\"pt_BR\" \/>\n<meta property=\"og:type\" content=\"article\" \/>\n<meta property=\"og:title\" content=\"Passeio de bicicleta de downhill em Guat\u00edn \u2013 San Pedro de Atacama - Taito Aventura\" \/>\n<meta property=\"og:description\" content=\"\ud83c\udfdc\ufe0f Descida entre montanhas, cactos e ravinas Viva uma das experi\u00eancias mais emocionantes do deserto com este passeio de bicicleta em descida de Guat\u00edn (3.200 m de altitude) at\u00e9 San Pedro de Atacama (2.400 m de altitude), com um desn\u00edvel aproximado de 800 metros. A rota atravessa paisagens impressionantes e oferece amplas vistas do Salar. [&hellip;]\" \/>\n<meta property=\"og:url\" content=\"https:\/\/taitoaventura.com\/pt-br\/producto\/experiencias\/aventura-outdoor-br\/passeio-de-bicicleta-de-downhill-em-guatin-san-pedro-de-atacama\/\" \/>\n<meta property=\"og:site_name\" content=\"Taito Aventura\" \/>\n<meta property=\"article:modified_time\" content=\"2026-03-31T17:53:40+00:00\" \/>\n<meta property=\"og:image\" content=\"https:\/\/taitoaventura.com\/wp-content\/uploads\/2026\/01\/20250529_151048.jpg\" \/>\n\t<meta property=\"og:image:width\" content=\"403\" \/>\n\t<meta property=\"og:image:height\" content=\"720\" \/>\n\t<meta property=\"og:image:type\" content=\"image\/jpeg\" \/>\n<meta name=\"twitter:card\" content=\"summary_large_image\" \/>\n<meta name=\"twitter:label1\" content=\"Est. tempo de leitura\" \/>\n\t<meta name=\"twitter:data1\" content=\"1 minuto\" \/>\n<script type=\"application\/ld+json\" class=\"yoast-schema-graph\">{\"@context\":\"https:\/\/schema.org\",\"@graph\":[{\"@type\":\"WebPage\",\"@id\":\"https:\/\/taitoaventura.com\/pt-br\/producto\/experiencias\/aventura-outdoor-br\/passeio-de-bicicleta-de-downhill-em-guatin-san-pedro-de-atacama\/\",\"url\":\"https:\/\/taitoaventura.com\/pt-br\/producto\/experiencias\/aventura-outdoor-br\/passeio-de-bicicleta-de-downhill-em-guatin-san-pedro-de-atacama\/\",\"name\":\"Passeio de bicicleta de downhill em Guat\u00edn \u2013 San Pedro de Atacama - Taito Aventura\",\"isPartOf\":{\"@id\":\"https:\/\/taitoaventura.com\/pt-br\/#website\"},\"primaryImageOfPage\":{\"@id\":\"https:\/\/taitoaventura.com\/pt-br\/producto\/experiencias\/aventura-outdoor-br\/passeio-de-bicicleta-de-downhill-em-guatin-san-pedro-de-atacama\/#primaryimage\"},\"image\":{\"@id\":\"https:\/\/taitoaventura.com\/pt-br\/producto\/experiencias\/aventura-outdoor-br\/passeio-de-bicicleta-de-downhill-em-guatin-san-pedro-de-atacama\/#primaryimage\"},\"thumbnailUrl\":\"https:\/\/taitoaventura.com\/wp-content\/uploads\/2026\/01\/20250529_151048.jpg\",\"datePublished\":\"2026-01-17T20:26:11+00:00\",\"dateModified\":\"2026-03-31T17:53:40+00:00\",\"breadcrumb\":{\"@id\":\"https:\/\/taitoaventura.com\/pt-br\/producto\/experiencias\/aventura-outdoor-br\/passeio-de-bicicleta-de-downhill-em-guatin-san-pedro-de-atacama\/#breadcrumb\"},\"inLanguage\":\"pt-BR\",\"potentialAction\":[{\"@type\":\"ReadAction\",\"target\":[\"https:\/\/taitoaventura.com\/pt-br\/producto\/experiencias\/aventura-outdoor-br\/passeio-de-bicicleta-de-downhill-em-guatin-san-pedro-de-atacama\/\"]}]},{\"@type\":\"ImageObject\",\"inLanguage\":\"pt-BR\",\"@id\":\"https:\/\/taitoaventura.com\/pt-br\/producto\/experiencias\/aventura-outdoor-br\/passeio-de-bicicleta-de-downhill-em-guatin-san-pedro-de-atacama\/#primaryimage\",\"url\":\"https:\/\/taitoaventura.com\/wp-content\/uploads\/2026\/01\/20250529_151048.jpg\",\"contentUrl\":\"https:\/\/taitoaventura.com\/wp-content\/uploads\/2026\/01\/20250529_151048.jpg\",\"width\":403,\"height\":720},{\"@type\":\"BreadcrumbList\",\"@id\":\"https:\/\/taitoaventura.com\/pt-br\/producto\/experiencias\/aventura-outdoor-br\/passeio-de-bicicleta-de-downhill-em-guatin-san-pedro-de-atacama\/#breadcrumb\",\"itemListElement\":[{\"@type\":\"ListItem\",\"position\":1,\"name\":\"Portada\",\"item\":\"https:\/\/taitoaventura.com\/pt-br\/inicial\/\"},{\"@type\":\"ListItem\",\"position\":2,\"name\":\"Loja\",\"item\":\"https:\/\/taitoaventura.com\/pt-br\/loja\/\"},{\"@type\":\"ListItem\",\"position\":3,\"name\":\"Passeio de bicicleta de downhill em Guat\u00edn \u2013 San Pedro de Atacama\"}]},{\"@type\":\"WebSite\",\"@id\":\"https:\/\/taitoaventura.com\/pt-br\/#website\",\"url\":\"https:\/\/taitoaventura.com\/pt-br\/\",\"name\":\"Taito Aventura\",\"description\":\"Sitio web en desarrollo\",\"potentialAction\":[{\"@type\":\"SearchAction\",\"target\":{\"@type\":\"EntryPoint\",\"urlTemplate\":\"https:\/\/taitoaventura.com\/pt-br\/?s={search_term_string}\"},\"query-input\":{\"@type\":\"PropertyValueSpecification\",\"valueRequired\":true,\"valueName\":\"search_term_string\"}}],\"inLanguage\":\"pt-BR\"}]}<\/script>\n<!-- \/ Yoast SEO plugin. -->","yoast_head_json":{"title":"Passeio de bicicleta de downhill em Guat\u00edn \u2013 San Pedro de Atacama - Taito Aventura","robots":{"index":"index","follow":"follow","max-snippet":"max-snippet:-1","max-image-preview":"max-image-preview:large","max-video-preview":"max-video-preview:-1"},"canonical":"https:\/\/taitoaventura.com\/pt-br\/producto\/experiencias\/aventura-outdoor-br\/passeio-de-bicicleta-de-downhill-em-guatin-san-pedro-de-atacama\/","og_locale":"pt_BR","og_type":"article","og_title":"Passeio de bicicleta de downhill em Guat\u00edn \u2013 San Pedro de Atacama - Taito Aventura","og_description":"\ud83c\udfdc\ufe0f Descida entre montanhas, cactos e ravinas Viva uma das experi\u00eancias mais emocionantes do deserto com este passeio de bicicleta em descida de Guat\u00edn (3.200 m de altitude) at\u00e9 San Pedro de Atacama (2.400 m de altitude), com um desn\u00edvel aproximado de 800 metros. A rota atravessa paisagens impressionantes e oferece amplas vistas do Salar. [&hellip;]","og_url":"https:\/\/taitoaventura.com\/pt-br\/producto\/experiencias\/aventura-outdoor-br\/passeio-de-bicicleta-de-downhill-em-guatin-san-pedro-de-atacama\/","og_site_name":"Taito Aventura","article_modified_time":"2026-03-31T17:53:40+00:00","og_image":[{"width":403,"height":720,"url":"https:\/\/taitoaventura.com\/wp-content\/uploads\/2026\/01\/20250529_151048.jpg","type":"image\/jpeg"}],"twitter_card":"summary_large_image","twitter_misc":{"Est. tempo de leitura":"1 minuto"},"schema":{"@context":"https:\/\/schema.org","@graph":[{"@type":"WebPage","@id":"https:\/\/taitoaventura.com\/pt-br\/producto\/experiencias\/aventura-outdoor-br\/passeio-de-bicicleta-de-downhill-em-guatin-san-pedro-de-atacama\/","url":"https:\/\/taitoaventura.com\/pt-br\/producto\/experiencias\/aventura-outdoor-br\/passeio-de-bicicleta-de-downhill-em-guatin-san-pedro-de-atacama\/","name":"Passeio de bicicleta de downhill em Guat\u00edn \u2013 San Pedro de Atacama - Taito Aventura","isPartOf":{"@id":"https:\/\/taitoaventura.com\/pt-br\/#website"},"primaryImageOfPage":{"@id":"https:\/\/taitoaventura.com\/pt-br\/producto\/experiencias\/aventura-outdoor-br\/passeio-de-bicicleta-de-downhill-em-guatin-san-pedro-de-atacama\/#primaryimage"},"image":{"@id":"https:\/\/taitoaventura.com\/pt-br\/producto\/experiencias\/aventura-outdoor-br\/passeio-de-bicicleta-de-downhill-em-guatin-san-pedro-de-atacama\/#primaryimage"},"thumbnailUrl":"https:\/\/taitoaventura.com\/wp-content\/uploads\/2026\/01\/20250529_151048.jpg","datePublished":"2026-01-17T20:26:11+00:00","dateModified":"2026-03-31T17:53:40+00:00","breadcrumb":{"@id":"https:\/\/taitoaventura.com\/pt-br\/producto\/experiencias\/aventura-outdoor-br\/passeio-de-bicicleta-de-downhill-em-guatin-san-pedro-de-atacama\/#breadcrumb"},"inLanguage":"pt-BR","potentialAction":[{"@type":"ReadAction","target":["https:\/\/taitoaventura.com\/pt-br\/producto\/experiencias\/aventura-outdoor-br\/passeio-de-bicicleta-de-downhill-em-guatin-san-pedro-de-atacama\/"]}]},{"@type":"ImageObject","inLanguage":"pt-BR","@id":"https:\/\/taitoaventura.com\/pt-br\/producto\/experiencias\/aventura-outdoor-br\/passeio-de-bicicleta-de-downhill-em-guatin-san-pedro-de-atacama\/#primaryimage","url":"https:\/\/taitoaventura.com\/wp-content\/uploads\/2026\/01\/20250529_151048.jpg","contentUrl":"https:\/\/taitoaventura.com\/wp-content\/uploads\/2026\/01\/20250529_151048.jpg","width":403,"height":720},{"@type":"BreadcrumbList","@id":"https:\/\/taitoaventura.com\/pt-br\/producto\/experiencias\/aventura-outdoor-br\/passeio-de-bicicleta-de-downhill-em-guatin-san-pedro-de-atacama\/#breadcrumb","itemListElement":[{"@type":"ListItem","position":1,"name":"Portada","item":"https:\/\/taitoaventura.com\/pt-br\/inicial\/"},{"@type":"ListItem","position":2,"name":"Loja","item":"https:\/\/taitoaventura.com\/pt-br\/loja\/"},{"@type":"ListItem","position":3,"name":"Passeio de bicicleta de downhill em Guat\u00edn \u2013 San Pedro de Atacama"}]},{"@type":"WebSite","@id":"https:\/\/taitoaventura.com\/pt-br\/#website","url":"https:\/\/taitoaventura.com\/pt-br\/","name":"Taito Aventura","description":"Sitio web en desarrollo","potentialAction":[{"@type":"SearchAction","target":{"@type":"EntryPoint","urlTemplate":"https:\/\/taitoaventura.com\/pt-br\/?s={search_term_string}"},"query-input":{"@type":"PropertyValueSpecification","valueRequired":true,"valueName":"search_term_string"}}],"inLanguage":"pt-BR"}]}},"_links":{"self":[{"href":"https:\/\/taitoaventura.com\/pt-br\/wp-json\/wp\/v2\/product\/5969","targetHints":{"allow":["GET"]}}],"collection":[{"href":"https:\/\/taitoaventura.com\/pt-br\/wp-json\/wp\/v2\/product"}],"about":[{"href":"https:\/\/taitoaventura.com\/pt-br\/wp-json\/wp\/v2\/types\/product"}],"replies":[{"embeddable":true,"href":"https:\/\/taitoaventura.com\/pt-br\/wp-json\/wp\/v2\/comments?post=5969"}],"version-history":[{"count":0,"href":"https:\/\/taitoaventura.com\/pt-br\/wp-json\/wp\/v2\/product\/5969\/revisions"}],"wp:featuredmedia":[{"embeddable":true,"href":"https:\/\/taitoaventura.com\/pt-br\/wp-json\/wp\/v2\/media\/5970"}],"wp:attachment":[{"href":"https:\/\/taitoaventura.com\/pt-br\/wp-json\/wp\/v2\/media?parent=5969"}],"wp:term":[{"taxonomy":"product_brand","embeddable":true,"href":"https:\/\/taitoaventura.com\/pt-br\/wp-json\/wp\/v2\/product_brand?post=5969"},{"taxonomy":"product_cat","embeddable":true,"href":"https:\/\/taitoaventura.com\/pt-br\/wp-json\/wp\/v2\/product_cat?post=5969"},{"taxonomy":"product_tag","embeddable":true,"href":"https:\/\/taitoaventura.com\/pt-br\/wp-json\/wp\/v2\/product_tag?post=5969"}],"curies":[{"name":"wp","href":"https:\/\/api.w.org\/{rel}","templated":true}]}}